{"id":7,"date":"2017-09-15T10:31:51","date_gmt":"2017-09-15T08:31:51","guid":{"rendered":"http:\/\/www.medizinischearomatherapie.at\/?page_id=7"},"modified":"2026-02-12T11:01:33","modified_gmt":"2026-02-12T10:01:33","slug":"grussworte","status":"publish","type":"page","link":"https:\/\/www.medizinischearomatherapie.at\/","title":{"rendered":"Gru\u00dfworte"},"content":{"rendered":"<p><\/p><div style=\"padding:75% 0 0 0;position:relative;\"><iframe\n  src=\"https:\/\/player.mux.com\/aUjf3Al01iqjwJeDvKo5GqIaAtKU02Bf1BSP6dR8lT8s4?metadata-video-title=mat_kurz_v1&#038;video-title=mat_kurz_v1\"\n  style=\"width: 100%; border: none; aspect-ratio: 16\/9;\"\n  allow=\"accelerometer; gyroscope; autoplay; encrypted-media; picture-in-picture;\"\n  allowfullscreen\n><\/iframe><\/div><p><\/p>\n<table>\n<tbody>\n<tr>\n<td>\n<h1 class=\"csc-firstHeader underline\">Lehrgang Medizinische Aromatherapie eine Ausbildung f\u00fcr \u00c4rztinnen und \u00c4rzte, Pharmazeutinnen und Pharmazeuten<\/h1>\n<p class=\"bodytext\">Die <b>Medizinische Aromatherapie <\/b>bietet als traditionelle Erfahrungswissenschaft mit ihrer fundierten Evidenz bei vielen Beschwerdebildern zuverl\u00e4ssige Anwendungen. Sie n\u00fctzt die Wirkmechanismen der \u00e4therischen \u00d6le, die sich als Vielkomponentengemische durch ein besonders g\u00fcnstiges Interaktions-, Resistenz- und Nebenwirkungsprofil auszeichnen.<\/p>\n<p>F\u00fcr unseren Lehrgang, der aus f\u00fcnf Zweitages-Modulen besteht, konnten wir &nbsp;renommierte, akademische und internationale Experten als Vortragende gewinnen. Er richtet sich an \u00c4rztinnen und \u00c4rzte, verschiedene Module bieten aber auch interessante Inhalte f\u00fcr andere Gesundheitsberufe wie z.B. Pharmazeutinnen und Pharmazeuten, Pflegepersonen, sowie Studentinnen und Studenten von Gesundheitsberufen.<\/p>\n<p>MedizinerInnen k\u00f6nnen den Lehrgang, der unter der Schirmherrschaft der \u00d6sterreichischen Gesellschaft f\u00fcr wissenschaftliche Aromatherapie und Aromapflege (\u00d6GwA) und der \u00d6sterreichischen Gesellschaft f\u00fcr Phytotherapie (\u00d6GPhyt) stattfindet, mit einem Zertifikat f\u00fcr die erfolgreiche Teilnahme abschlie\u00dfen. Angeh\u00f6rige anderer Gesundheitsberufe erhalten eine Teilnahmebest\u00e4tigung f\u00fcr das besuchte Modul. Au\u00dferdem gibt es Fortbildungspunkte der \u00d6\u00c4K und der \u00d6AK.<\/p>\n<p>F\u00fcr jedes Modul liegt ein Multiple-Choice-Test bereit, der bei guter Aufmerksamkeit und Mitarbeit leicht zu beantworten ist. Wer in einem Jahr Module vers\u00e4umt, kann diese zu einem sp\u00e4teren Zeitpunkt nachholen.<\/p>\n<p>Wir freuen uns sehr, wenn wir Ihr Interesse f\u00fcr Aromatherapie und Aromapflege geweckt haben und Sie in unserem Lehrgang begr\u00fc\u00dfen d\u00fcrfen.<\/p>\n<p class=\"bodytext\"><b><i>Univ.-Prof. Dr. Gerhard Buchbauer<br>Dr.<sup>in<\/sup> Gerda Dorfinger<br><strong>Dr. Wolfgang Steflitsch<\/strong><br><\/i><\/b><\/p>\n<p>&nbsp;<\/p>\n<p><img loading=\"lazy\" decoding=\"async\" class=\"alignnone  wp-image-710\" src=\"https:\/\/www.medizinischearomatherapie.at\/wp-content\/uploads\/2023\/02\/DFP-300x164.png\" alt=\"\" width=\"137\" height=\"75\" srcset=\"https:\/\/www.medizinischearomatherapie.at\/wp-content\/uploads\/2023\/02\/DFP-300x164.png 300w, https:\/\/www.medizinischearomatherapie.at\/wp-content\/uploads\/2023\/02\/DFP.png 304w\" sizes=\"(max-width: 137px) 100vw, 137px\" \/><\/p>\n<\/td>\n<td class=\"imagetd\" valign=\"baseline\"><img loading=\"lazy\" decoding=\"async\" class=\"alignnone size-full wp-image-53\" src=\"http:\/\/www.medizinischearomatherapie.at\/wp-content\/uploads\/2017\/09\/fdffa197e3.jpg\" alt=\"\" width=\"120\" height=\"118\">\n<p>&nbsp;<\/p>\n<p>&nbsp;<\/p>\n<h6>W.Steflitsch<\/h6>\n<p><img loading=\"lazy\" decoding=\"async\" class=\"alignnone size-full wp-image-52\" src=\"http:\/\/www.medizinischearomatherapie.at\/wp-content\/uploads\/2017\/09\/ca4080a4b1.jpg\" alt=\"\" width=\"120\" height=\"169\"><\/p>\n<h6>G. Buchbauer<\/h6>\n<p><img loading=\"lazy\" decoding=\"async\" class=\"alignnone size-full wp-image-51\" src=\"http:\/\/www.medizinischearomatherapie.at\/wp-content\/uploads\/2017\/09\/45b74ede22.jpg\" alt=\"\" width=\"120\" height=\"169\"><\/p>\n<h6>G. Dorfinger<\/h6>\n<p>&nbsp;<\/p>\n<h6>&nbsp;<\/h6>\n<\/td>\n<\/tr>\n<\/tbody>\n<\/table>\n<div class=\"only-on-mobile\"><img loading=\"lazy\" decoding=\"async\" class=\"size-full wp-image-53 aligncenter\" src=\"http:\/\/www.medizinischearomatherapie.at\/wp-content\/uploads\/2017\/09\/fdffa197e3.jpg\" alt=\"\" width=\"120\" height=\"118\">\n<p>&nbsp;<\/p>\n<p>&nbsp;<\/p>\n<h6 style=\"text-align: center;\">W.Steflitsch<\/h6>\n<p><img loading=\"lazy\" decoding=\"async\" class=\"size-full wp-image-52 aligncenter\" src=\"http:\/\/www.medizinischearomatherapie.at\/wp-content\/uploads\/2017\/09\/ca4080a4b1.jpg\" alt=\"\" width=\"120\" height=\"169\"><\/p>\n<h6 style=\"text-align: center;\">G. Buchbauer<\/h6>\n<p><img loading=\"lazy\" decoding=\"async\" class=\"size-full wp-image-51 aligncenter\" src=\"http:\/\/www.medizinischearomatherapie.at\/wp-content\/uploads\/2017\/09\/45b74ede22.jpg\" alt=\"\" width=\"120\" height=\"169\"><\/p>\n<h6 style=\"text-align: center;\">G. Dorfinger<\/h6>\n<\/div>\n\n\n<div style=\"height:40px\" aria-hidden=\"true\" class=\"wp-block-spacer\"><\/div>\n","protected":false},"excerpt":{"rendered":"<p>Lehrgang Medizinische Aromatherapie eine Ausbildung f\u00fcr \u00c4rztinnen und \u00c4rzte, Pharmazeutinnen und Pharmazeuten Die Medizinische Aromatherapie bietet als traditionelle Erfahrungswissenschaft mit ihrer fundierten Evidenz bei vielen Beschwerdebildern zuverl\u00e4ssige Anwendungen. Sie n\u00fctzt die Wirkmechanismen der \u00e4therischen \u00d6le, die sich als Vielkomponentengemische durch ein besonders g\u00fcnstiges Interaktions-, Resistenz- und Nebenwirkungsprofil auszeichnen. F\u00fcr unseren Lehrgang, der aus f\u00fcnf Zweitages-Modulen [&hellip;]<\/p>\n","protected":false},"author":1,"featured_media":0,"parent":0,"menu_order":0,"comment_status":"closed","ping_status":"closed","template":"","meta":{"footnotes":""},"yoast_head":"<!-- This site is optimized with the Yoast SEO plugin v24.5 - https:\/\/yoast.com\/wordpress\/plugins\/seo\/ -->\n<title>Medizinische Aromatherapie | Ein Lehrgang f\u00fcr \u00c4rztinnen und \u00c4rzte<\/title>\n<meta name=\"description\" content=\"Der Lehrgang besteht aus 5 Zweitages-Modulen f\u00fcr \u00c4rztinnen und \u00c4rzten und gibt die M\u00f6glichkeit, sich in der evidenzbasierten Aromatherapie weiterzubilden.\" \/>\n<meta name=\"robots\" content=\"index, follow, max-snippet:-1, max-image-preview:large, max-video-preview:-1\" \/>\n<link rel=\"canonical\" href=\"https:\/\/www.medizinischearomatherapie.at\/\" \/>\n<meta property=\"og:locale\" content=\"de_DE\" \/>\n<meta property=\"og:type\" content=\"article\" \/>\n<meta property=\"og:title\" content=\"Medizinische Aromatherapie | Ein Lehrgang f\u00fcr \u00c4rztinnen und \u00c4rzte\" \/>\n<meta property=\"og:description\" content=\"Der Lehrgang besteht aus 5 Zweitages-Modulen f\u00fcr \u00c4rztinnen und \u00c4rzten und gibt die M\u00f6glichkeit, sich in der evidenzbasierten Aromatherapie weiterzubilden.\" \/>\n<meta property=\"og:url\" content=\"https:\/\/www.medizinischearomatherapie.at\/\" \/>\n<meta property=\"og:site_name\" content=\"Medizinische Aromatherapie\" \/>\n<meta property=\"article:modified_time\" content=\"2026-02-12T10:01:33+00:00\" \/>\n<meta property=\"og:image\" content=\"https:\/\/www.medizinischearomatherapie.at\/wp-content\/uploads\/2023\/02\/DFP.png\" \/>\n\t<meta property=\"og:image:width\" content=\"304\" \/>\n\t<meta property=\"og:image:height\" content=\"166\" \/>\n\t<meta property=\"og:image:type\" content=\"image\/png\" \/>\n<meta name=\"twitter:card\" content=\"summary_large_image\" \/>\n<meta name=\"twitter:label1\" content=\"Gesch\u00e4tzte Lesezeit\" \/>\n\t<meta name=\"twitter:data1\" content=\"3\u00a0Minuten\" \/>\n<script type=\"application\/ld+json\" class=\"yoast-schema-graph\">{\"@context\":\"https:\/\/schema.org\",\"@graph\":[{\"@type\":\"WebPage\",\"@id\":\"https:\/\/www.medizinischearomatherapie.at\/\",\"url\":\"https:\/\/www.medizinischearomatherapie.at\/\",\"name\":\"Medizinische Aromatherapie | Ein Lehrgang f\u00fcr \u00c4rztinnen und \u00c4rzte\",\"isPartOf\":{\"@id\":\"https:\/\/www.medizinischearomatherapie.at\/#website\"},\"primaryImageOfPage\":{\"@id\":\"https:\/\/www.medizinischearomatherapie.at\/#primaryimage\"},\"image\":{\"@id\":\"https:\/\/www.medizinischearomatherapie.at\/#primaryimage\"},\"thumbnailUrl\":\"https:\/\/www.medizinischearomatherapie.at\/wp-content\/uploads\/2023\/02\/DFP-300x164.png\",\"datePublished\":\"2017-09-15T08:31:51+00:00\",\"dateModified\":\"2026-02-12T10:01:33+00:00\",\"description\":\"Der Lehrgang besteht aus 5 Zweitages-Modulen f\u00fcr \u00c4rztinnen und \u00c4rzten und gibt die M\u00f6glichkeit, sich in der evidenzbasierten Aromatherapie weiterzubilden.\",\"breadcrumb\":{\"@id\":\"https:\/\/www.medizinischearomatherapie.at\/#breadcrumb\"},\"inLanguage\":\"de\",\"potentialAction\":[{\"@type\":\"ReadAction\",\"target\":[\"https:\/\/www.medizinischearomatherapie.at\/\"]}]},{\"@type\":\"ImageObject\",\"inLanguage\":\"de\",\"@id\":\"https:\/\/www.medizinischearomatherapie.at\/#primaryimage\",\"url\":\"https:\/\/www.medizinischearomatherapie.at\/wp-content\/uploads\/2023\/02\/DFP.png\",\"contentUrl\":\"https:\/\/www.medizinischearomatherapie.at\/wp-content\/uploads\/2023\/02\/DFP.png\",\"width\":304,\"height\":166},{\"@type\":\"BreadcrumbList\",\"@id\":\"https:\/\/www.medizinischearomatherapie.at\/#breadcrumb\",\"itemListElement\":[{\"@type\":\"ListItem\",\"position\":1,\"name\":\"Startseite\",\"item\":\"https:\/\/www.medizinischearomatherapie.at\/\"},{\"@type\":\"ListItem\",\"position\":2,\"name\":\"Gru\u00dfworte\"}]},{\"@type\":\"WebSite\",\"@id\":\"https:\/\/www.medizinischearomatherapie.at\/#website\",\"url\":\"https:\/\/www.medizinischearomatherapie.at\/\",\"name\":\"Medizinische Aromatherapie\",\"description\":\"\",\"publisher\":{\"@id\":\"https:\/\/www.medizinischearomatherapie.at\/#organization\"},\"potentialAction\":[{\"@type\":\"SearchAction\",\"target\":{\"@type\":\"EntryPoint\",\"urlTemplate\":\"https:\/\/www.medizinischearomatherapie.at\/?s={search_term_string}\"},\"query-input\":{\"@type\":\"PropertyValueSpecification\",\"valueRequired\":true,\"valueName\":\"search_term_string\"}}],\"inLanguage\":\"de\"},{\"@type\":\"Organization\",\"@id\":\"https:\/\/www.medizinischearomatherapie.at\/#organization\",\"name\":\"Medizinische Aromatherapie\",\"url\":\"https:\/\/www.medizinischearomatherapie.at\/\",\"logo\":{\"@type\":\"ImageObject\",\"inLanguage\":\"de\",\"@id\":\"https:\/\/www.medizinischearomatherapie.at\/#\/schema\/logo\/image\/\",\"url\":\"https:\/\/www.medizinischearomatherapie.at\/wp-content\/uploads\/2018\/01\/cropped-Logo3.jpg\",\"contentUrl\":\"https:\/\/www.medizinischearomatherapie.at\/wp-content\/uploads\/2018\/01\/cropped-Logo3.jpg\",\"width\":1111,\"height\":551,\"caption\":\"Medizinische Aromatherapie\"},\"image\":{\"@id\":\"https:\/\/www.medizinischearomatherapie.at\/#\/schema\/logo\/image\/\"}}]}<\/script>\n<!-- \/ Yoast SEO plugin. -->","yoast_head_json":{"title":"Medizinische Aromatherapie | Ein Lehrgang f\u00fcr \u00c4rztinnen und \u00c4rzte","description":"Der Lehrgang besteht aus 5 Zweitages-Modulen f\u00fcr \u00c4rztinnen und \u00c4rzten und gibt die M\u00f6glichkeit, sich in der evidenzbasierten Aromatherapie weiterzubilden.","robots":{"index":"index","follow":"follow","max-snippet":"max-snippet:-1","max-image-preview":"max-image-preview:large","max-video-preview":"max-video-preview:-1"},"canonical":"https:\/\/www.medizinischearomatherapie.at\/","og_locale":"de_DE","og_type":"article","og_title":"Medizinische Aromatherapie | Ein Lehrgang f\u00fcr \u00c4rztinnen und \u00c4rzte","og_description":"Der Lehrgang besteht aus 5 Zweitages-Modulen f\u00fcr \u00c4rztinnen und \u00c4rzten und gibt die M\u00f6glichkeit, sich in der evidenzbasierten Aromatherapie weiterzubilden.","og_url":"https:\/\/www.medizinischearomatherapie.at\/","og_site_name":"Medizinische Aromatherapie","article_modified_time":"2026-02-12T10:01:33+00:00","og_image":[{"width":304,"height":166,"url":"https:\/\/www.medizinischearomatherapie.at\/wp-content\/uploads\/2023\/02\/DFP.png","type":"image\/png"}],"twitter_card":"summary_large_image","twitter_misc":{"Gesch\u00e4tzte Lesezeit":"3\u00a0Minuten"},"schema":{"@context":"https:\/\/schema.org","@graph":[{"@type":"WebPage","@id":"https:\/\/www.medizinischearomatherapie.at\/","url":"https:\/\/www.medizinischearomatherapie.at\/","name":"Medizinische Aromatherapie | Ein Lehrgang f\u00fcr \u00c4rztinnen und \u00c4rzte","isPartOf":{"@id":"https:\/\/www.medizinischearomatherapie.at\/#website"},"primaryImageOfPage":{"@id":"https:\/\/www.medizinischearomatherapie.at\/#primaryimage"},"image":{"@id":"https:\/\/www.medizinischearomatherapie.at\/#primaryimage"},"thumbnailUrl":"https:\/\/www.medizinischearomatherapie.at\/wp-content\/uploads\/2023\/02\/DFP-300x164.png","datePublished":"2017-09-15T08:31:51+00:00","dateModified":"2026-02-12T10:01:33+00:00","description":"Der Lehrgang besteht aus 5 Zweitages-Modulen f\u00fcr \u00c4rztinnen und \u00c4rzten und gibt die M\u00f6glichkeit, sich in der evidenzbasierten Aromatherapie weiterzubilden.","breadcrumb":{"@id":"https:\/\/www.medizinischearomatherapie.at\/#breadcrumb"},"inLanguage":"de","potentialAction":[{"@type":"ReadAction","target":["https:\/\/www.medizinischearomatherapie.at\/"]}]},{"@type":"ImageObject","inLanguage":"de","@id":"https:\/\/www.medizinischearomatherapie.at\/#primaryimage","url":"https:\/\/www.medizinischearomatherapie.at\/wp-content\/uploads\/2023\/02\/DFP.png","contentUrl":"https:\/\/www.medizinischearomatherapie.at\/wp-content\/uploads\/2023\/02\/DFP.png","width":304,"height":166},{"@type":"BreadcrumbList","@id":"https:\/\/www.medizinischearomatherapie.at\/#breadcrumb","itemListElement":[{"@type":"ListItem","position":1,"name":"Startseite","item":"https:\/\/www.medizinischearomatherapie.at\/"},{"@type":"ListItem","position":2,"name":"Gru\u00dfworte"}]},{"@type":"WebSite","@id":"https:\/\/www.medizinischearomatherapie.at\/#website","url":"https:\/\/www.medizinischearomatherapie.at\/","name":"Medizinische Aromatherapie","description":"","publisher":{"@id":"https:\/\/www.medizinischearomatherapie.at\/#organization"},"potentialAction":[{"@type":"SearchAction","target":{"@type":"EntryPoint","urlTemplate":"https:\/\/www.medizinischearomatherapie.at\/?s={search_term_string}"},"query-input":{"@type":"PropertyValueSpecification","valueRequired":true,"valueName":"search_term_string"}}],"inLanguage":"de"},{"@type":"Organization","@id":"https:\/\/www.medizinischearomatherapie.at\/#organization","name":"Medizinische Aromatherapie","url":"https:\/\/www.medizinischearomatherapie.at\/","logo":{"@type":"ImageObject","inLanguage":"de","@id":"https:\/\/www.medizinischearomatherapie.at\/#\/schema\/logo\/image\/","url":"https:\/\/www.medizinischearomatherapie.at\/wp-content\/uploads\/2018\/01\/cropped-Logo3.jpg","contentUrl":"https:\/\/www.medizinischearomatherapie.at\/wp-content\/uploads\/2018\/01\/cropped-Logo3.jpg","width":1111,"height":551,"caption":"Medizinische Aromatherapie"},"image":{"@id":"https:\/\/www.medizinischearomatherapie.at\/#\/schema\/logo\/image\/"}}]}},"_links":{"self":[{"href":"https:\/\/www.medizinischearomatherapie.at\/index.php?rest_route=\/wp\/v2\/pages\/7"}],"collection":[{"href":"https:\/\/www.medizinischearomatherapie.at\/index.php?rest_route=\/wp\/v2\/pages"}],"about":[{"href":"https:\/\/www.medizinischearomatherapie.at\/index.php?rest_route=\/wp\/v2\/types\/page"}],"author":[{"embeddable":true,"href":"https:\/\/www.medizinischearomatherapie.at\/index.php?rest_route=\/wp\/v2\/users\/1"}],"replies":[{"embeddable":true,"href":"https:\/\/www.medizinischearomatherapie.at\/index.php?rest_route=%2Fwp%2Fv2%2Fcomments&post=7"}],"version-history":[{"count":37,"href":"https:\/\/www.medizinischearomatherapie.at\/index.php?rest_route=\/wp\/v2\/pages\/7\/revisions"}],"predecessor-version":[{"id":831,"href":"https:\/\/www.medizinischearomatherapie.at\/index.php?rest_route=\/wp\/v2\/pages\/7\/revisions\/831"}],"wp:attachment":[{"href":"https:\/\/www.medizinischearomatherapie.at\/index.php?rest_route=%2Fwp%2Fv2%2Fmedia&parent=7"}],"curies":[{"name":"wp","href":"https:\/\/api.w.org\/{rel}","templated":true}]}}