{"id":197,"date":"2017-10-10T14:11:14","date_gmt":"2017-10-10T12:11:14","guid":{"rendered":"http:\/\/www.medizinischearomatherapie.at\/?page_id=197"},"modified":"2024-07-02T11:46:02","modified_gmt":"2024-07-02T09:46:02","slug":"impressum","status":"publish","type":"page","link":"https:\/\/www.medizinischearomatherapie.at\/?page_id=197","title":{"rendered":"Impressum"},"content":{"rendered":"<p><strong>Informationspflicht lt. \u00a7 5 Abs. 1 E-Commerce-Gesetz<\/strong><\/p>\n<p>Lehrgang&nbsp;Medizinische Aromatherapie<\/p>\n<p>Veranstalter: Dr. Gerda Dorfinger<\/p>\n<p>1010 <span class=\"mark53e3k1ztg\" data-markjs=\"true\" data-ogac=\"\" data-ogab=\"\" data-ogsc=\"\" data-ogsb=\"\">Wien,&nbsp;<\/span>Kantgasse 3\/12<br \/>\nMail: <a href=\"mailto:office@medizinischearomatherapie.at\">office@medizinischearomatherapie.at<\/a><\/p>\n<p><strong>Verantwortlich f\u00fcr den Inhalt der Website:<\/strong><br \/>\nDr. Gerda Dorfinger, Dr. Wolfgang Steflitsch, &nbsp;Florian Kurzweil, Matthias Dienelt<\/p>\n<p><strong>Copyright 2017<\/strong> \u2013 Content &amp; Darstellung<br \/>\nMedizinische Aromatherapie, sofern nicht anders angegeben. Alle Rechte vorbehalten.<br \/>\nJede Reproduktion, Kopie, Ver\u00e4nderung oder Weitergabe in welcher Art auch immer \u2013 auch auszugsweise \u2013 ist untersagt und bedarf der ausdr\u00fccklichen schriftlichen Genehmigung.<\/p>\n<p><strong>Fotos &amp; Grafiken<\/strong><br \/>\nSofern nicht anders angegeben, stammen die Fotos von uns selbst. Jede Reproduktion, Kopie, Ver\u00e4nderung oder Weitergabe in welcher Art auch immer \u2013 auch auszugsweise \u2013 ist untersagt und bedarf der ausdr\u00fccklichen schriftlichen Genehmigung des\/der jeweiligen Urhebers\/Urheberin.<\/p>\n<p><strong>Grundlegende Richtung<\/strong><br \/>\nInformationen \u00fcber die Angebote und Informationen der&nbsp;medizinischen Aromatherapie, aktuelle Termine von Workshops und Vortr\u00e4gen, Informationen und Erl\u00e4uterungen zu den Themen Aromatherapie.<\/p>\n<p><strong>Produktnamen, Warenzeichen &amp; Logos<br \/>\n<\/strong>Logo:&nbsp;Fotolia<br \/>\nDie auf dieser Website angef\u00fchrten oder abgebildeten Markennamen, Firmennamen, Warenzeichen, Handelsmarken, Marken, Logos, Bilder u. dgl. sind das Alleineigentum der jeweiligen Besitzer und dienen nur Publikations- und Informationszwecken.<\/p>\n","protected":false},"excerpt":{"rendered":"<p>Informationspflicht lt. \u00a7 5 Abs. 1 E-Commerce-Gesetz Lehrgang&nbsp;Medizinische Aromatherapie Veranstalter: Dr. Gerda Dorfinger 1010 Wien,&nbsp;Kantgasse 3\/12 Mail: office@medizinischearomatherapie.at Verantwortlich f\u00fcr den Inhalt der Website: Dr. Gerda Dorfinger, Dr. Wolfgang Steflitsch, &nbsp;Florian Kurzweil, Matthias Dienelt Copyright 2017 \u2013 Content &amp; Darstellung Medizinische Aromatherapie, sofern nicht anders angegeben. Alle Rechte vorbehalten. Jede Reproduktion, Kopie, Ver\u00e4nderung oder Weitergabe [&hellip;]<\/p>\n","protected":false},"author":1,"featured_media":0,"parent":0,"menu_order":0,"comment_status":"closed","ping_status":"closed","template":"","meta":{"footnotes":""},"yoast_head":"<!-- This site is optimized with the Yoast SEO plugin v24.5 - https:\/\/yoast.com\/wordpress\/plugins\/seo\/ -->\n<title>Impressum - Medizinische Aromatherapie<\/title>\n<meta name=\"robots\" content=\"index, follow, max-snippet:-1, max-image-preview:large, max-video-preview:-1\" \/>\n<link rel=\"canonical\" href=\"https:\/\/www.medizinischearomatherapie.at\/?page_id=197\" \/>\n<meta property=\"og:locale\" content=\"de_DE\" \/>\n<meta property=\"og:type\" content=\"article\" \/>\n<meta property=\"og:title\" content=\"Impressum - Medizinische Aromatherapie\" \/>\n<meta property=\"og:description\" content=\"Informationspflicht lt. \u00a7 5 Abs. 1 E-Commerce-Gesetz Lehrgang&nbsp;Medizinische Aromatherapie Veranstalter: Dr. Gerda Dorfinger 1010 Wien,&nbsp;Kantgasse 3\/12 Mail: office@medizinischearomatherapie.at Verantwortlich f\u00fcr den Inhalt der Website: Dr. Gerda Dorfinger, Dr. Wolfgang Steflitsch, &nbsp;Florian Kurzweil, Matthias Dienelt Copyright 2017 \u2013 Content &amp; Darstellung Medizinische Aromatherapie, sofern nicht anders angegeben. Alle Rechte vorbehalten. Jede Reproduktion, Kopie, Ver\u00e4nderung oder Weitergabe [&hellip;]\" \/>\n<meta property=\"og:url\" content=\"https:\/\/www.medizinischearomatherapie.at\/?page_id=197\" \/>\n<meta property=\"og:site_name\" content=\"Medizinische Aromatherapie\" \/>\n<meta property=\"article:modified_time\" content=\"2024-07-02T09:46:02+00:00\" \/>\n<meta name=\"twitter:card\" content=\"summary_large_image\" \/>\n<meta name=\"twitter:label1\" content=\"Gesch\u00e4tzte Lesezeit\" \/>\n\t<meta name=\"twitter:data1\" content=\"1\u00a0Minute\" \/>\n<script type=\"application\/ld+json\" class=\"yoast-schema-graph\">{\"@context\":\"https:\/\/schema.org\",\"@graph\":[{\"@type\":\"WebPage\",\"@id\":\"https:\/\/www.medizinischearomatherapie.at\/?page_id=197\",\"url\":\"https:\/\/www.medizinischearomatherapie.at\/?page_id=197\",\"name\":\"Impressum - Medizinische Aromatherapie\",\"isPartOf\":{\"@id\":\"https:\/\/www.medizinischearomatherapie.at\/#website\"},\"datePublished\":\"2017-10-10T12:11:14+00:00\",\"dateModified\":\"2024-07-02T09:46:02+00:00\",\"breadcrumb\":{\"@id\":\"https:\/\/www.medizinischearomatherapie.at\/?page_id=197#breadcrumb\"},\"inLanguage\":\"de\",\"potentialAction\":[{\"@type\":\"ReadAction\",\"target\":[\"https:\/\/www.medizinischearomatherapie.at\/?page_id=197\"]}]},{\"@type\":\"BreadcrumbList\",\"@id\":\"https:\/\/www.medizinischearomatherapie.at\/?page_id=197#breadcrumb\",\"itemListElement\":[{\"@type\":\"ListItem\",\"position\":1,\"name\":\"Startseite\",\"item\":\"https:\/\/www.medizinischearomatherapie.at\/\"},{\"@type\":\"ListItem\",\"position\":2,\"name\":\"Impressum\"}]},{\"@type\":\"WebSite\",\"@id\":\"https:\/\/www.medizinischearomatherapie.at\/#website\",\"url\":\"https:\/\/www.medizinischearomatherapie.at\/\",\"name\":\"Medizinische Aromatherapie\",\"description\":\"\",\"publisher\":{\"@id\":\"https:\/\/www.medizinischearomatherapie.at\/#organization\"},\"potentialAction\":[{\"@type\":\"SearchAction\",\"target\":{\"@type\":\"EntryPoint\",\"urlTemplate\":\"https:\/\/www.medizinischearomatherapie.at\/?s={search_term_string}\"},\"query-input\":{\"@type\":\"PropertyValueSpecification\",\"valueRequired\":true,\"valueName\":\"search_term_string\"}}],\"inLanguage\":\"de\"},{\"@type\":\"Organization\",\"@id\":\"https:\/\/www.medizinischearomatherapie.at\/#organization\",\"name\":\"Medizinische Aromatherapie\",\"url\":\"https:\/\/www.medizinischearomatherapie.at\/\",\"logo\":{\"@type\":\"ImageObject\",\"inLanguage\":\"de\",\"@id\":\"https:\/\/www.medizinischearomatherapie.at\/#\/schema\/logo\/image\/\",\"url\":\"https:\/\/www.medizinischearomatherapie.at\/wp-content\/uploads\/2018\/01\/cropped-Logo3.jpg\",\"contentUrl\":\"https:\/\/www.medizinischearomatherapie.at\/wp-content\/uploads\/2018\/01\/cropped-Logo3.jpg\",\"width\":1111,\"height\":551,\"caption\":\"Medizinische Aromatherapie\"},\"image\":{\"@id\":\"https:\/\/www.medizinischearomatherapie.at\/#\/schema\/logo\/image\/\"}}]}<\/script>\n<!-- \/ Yoast SEO plugin. -->","yoast_head_json":{"title":"Impressum - Medizinische Aromatherapie","robots":{"index":"index","follow":"follow","max-snippet":"max-snippet:-1","max-image-preview":"max-image-preview:large","max-video-preview":"max-video-preview:-1"},"canonical":"https:\/\/www.medizinischearomatherapie.at\/?page_id=197","og_locale":"de_DE","og_type":"article","og_title":"Impressum - Medizinische Aromatherapie","og_description":"Informationspflicht lt. \u00a7 5 Abs. 1 E-Commerce-Gesetz Lehrgang&nbsp;Medizinische Aromatherapie Veranstalter: Dr. Gerda Dorfinger 1010 Wien,&nbsp;Kantgasse 3\/12 Mail: office@medizinischearomatherapie.at Verantwortlich f\u00fcr den Inhalt der Website: Dr. Gerda Dorfinger, Dr. Wolfgang Steflitsch, &nbsp;Florian Kurzweil, Matthias Dienelt Copyright 2017 \u2013 Content &amp; Darstellung Medizinische Aromatherapie, sofern nicht anders angegeben. Alle Rechte vorbehalten. Jede Reproduktion, Kopie, Ver\u00e4nderung oder Weitergabe [&hellip;]","og_url":"https:\/\/www.medizinischearomatherapie.at\/?page_id=197","og_site_name":"Medizinische Aromatherapie","article_modified_time":"2024-07-02T09:46:02+00:00","twitter_card":"summary_large_image","twitter_misc":{"Gesch\u00e4tzte Lesezeit":"1\u00a0Minute"},"schema":{"@context":"https:\/\/schema.org","@graph":[{"@type":"WebPage","@id":"https:\/\/www.medizinischearomatherapie.at\/?page_id=197","url":"https:\/\/www.medizinischearomatherapie.at\/?page_id=197","name":"Impressum - Medizinische Aromatherapie","isPartOf":{"@id":"https:\/\/www.medizinischearomatherapie.at\/#website"},"datePublished":"2017-10-10T12:11:14+00:00","dateModified":"2024-07-02T09:46:02+00:00","breadcrumb":{"@id":"https:\/\/www.medizinischearomatherapie.at\/?page_id=197#breadcrumb"},"inLanguage":"de","potentialAction":[{"@type":"ReadAction","target":["https:\/\/www.medizinischearomatherapie.at\/?page_id=197"]}]},{"@type":"BreadcrumbList","@id":"https:\/\/www.medizinischearomatherapie.at\/?page_id=197#breadcrumb","itemListElement":[{"@type":"ListItem","position":1,"name":"Startseite","item":"https:\/\/www.medizinischearomatherapie.at\/"},{"@type":"ListItem","position":2,"name":"Impressum"}]},{"@type":"WebSite","@id":"https:\/\/www.medizinischearomatherapie.at\/#website","url":"https:\/\/www.medizinischearomatherapie.at\/","name":"Medizinische Aromatherapie","description":"","publisher":{"@id":"https:\/\/www.medizinischearomatherapie.at\/#organization"},"potentialAction":[{"@type":"SearchAction","target":{"@type":"EntryPoint","urlTemplate":"https:\/\/www.medizinischearomatherapie.at\/?s={search_term_string}"},"query-input":{"@type":"PropertyValueSpecification","valueRequired":true,"valueName":"search_term_string"}}],"inLanguage":"de"},{"@type":"Organization","@id":"https:\/\/www.medizinischearomatherapie.at\/#organization","name":"Medizinische Aromatherapie","url":"https:\/\/www.medizinischearomatherapie.at\/","logo":{"@type":"ImageObject","inLanguage":"de","@id":"https:\/\/www.medizinischearomatherapie.at\/#\/schema\/logo\/image\/","url":"https:\/\/www.medizinischearomatherapie.at\/wp-content\/uploads\/2018\/01\/cropped-Logo3.jpg","contentUrl":"https:\/\/www.medizinischearomatherapie.at\/wp-content\/uploads\/2018\/01\/cropped-Logo3.jpg","width":1111,"height":551,"caption":"Medizinische Aromatherapie"},"image":{"@id":"https:\/\/www.medizinischearomatherapie.at\/#\/schema\/logo\/image\/"}}]}},"_links":{"self":[{"href":"https:\/\/www.medizinischearomatherapie.at\/index.php?rest_route=\/wp\/v2\/pages\/197"}],"collection":[{"href":"https:\/\/www.medizinischearomatherapie.at\/index.php?rest_route=\/wp\/v2\/pages"}],"about":[{"href":"https:\/\/www.medizinischearomatherapie.at\/index.php?rest_route=\/wp\/v2\/types\/page"}],"author":[{"embeddable":true,"href":"https:\/\/www.medizinischearomatherapie.at\/index.php?rest_route=\/wp\/v2\/users\/1"}],"replies":[{"embeddable":true,"href":"https:\/\/www.medizinischearomatherapie.at\/index.php?rest_route=%2Fwp%2Fv2%2Fcomments&post=197"}],"version-history":[{"count":7,"href":"https:\/\/www.medizinischearomatherapie.at\/index.php?rest_route=\/wp\/v2\/pages\/197\/revisions"}],"predecessor-version":[{"id":747,"href":"https:\/\/www.medizinischearomatherapie.at\/index.php?rest_route=\/wp\/v2\/pages\/197\/revisions\/747"}],"wp:attachment":[{"href":"https:\/\/www.medizinischearomatherapie.at\/index.php?rest_route=%2Fwp%2Fv2%2Fmedia&parent=197"}],"curies":[{"name":"wp","href":"https:\/\/api.w.org\/{rel}","templated":true}]}}