{"id":16,"date":"2017-09-15T10:33:04","date_gmt":"2017-09-15T08:33:04","guid":{"rendered":"http:\/\/www.medizinischearomatherapie.at\/?page_id=16"},"modified":"2025-11-24T17:02:47","modified_gmt":"2025-11-24T16:02:47","slug":"anmeldung","status":"publish","type":"page","link":"https:\/\/www.medizinischearomatherapie.at\/?page_id=16","title":{"rendered":"Anmeldung"},"content":{"rendered":"<div id=\"c5094\" class=\"csc-default\">\n<p><span style=\"color: inherit; font-size: 2.44em; font-weight: 600; font-family: -apple-system, BlinkMacSystemFont, 'Segoe UI', Roboto, Oxygen-Sans, Ubuntu, Cantarell, 'Helvetica Neue', sans-serif;\">Teilnahmegeb\u00fchr je Modul<\/span><\/p>\n<\/div>\n<div id=\"c5052\" class=\"csc-default\">\n<div class=\"csc-textpic csc-textpic-intext-right\">\n<div class=\"csc-textpic-text\">\n<table>\n<tbody>\n<tr>\n<td>\n<ul>\n<li>inkl. 1 x Mittagsbuffet<\/li>\n<li>inkl. Pausenverpflegungen<\/li>\n<li>Ab der Buchung von 2 Modulen erhalten Sie das\u00a0Buch &#8222;Aromatherapie in Wissenschaft und Praxis&#8220; (Autor u.a. Dr. Wolfgang Steflitsch, <a class=\"external-link-new-window\" title=\"\u00d6ffnet externen Link in neuem Fenster\" href=\"http:\/\/www.stadelmann-verlag.de\/buch-at.html\" target=\"_blank\" rel=\"noopener noreferrer\">Stadelmann Verlag<\/a>) <i>einmalig<\/i> als Seminarunterlage, im Wert von EUR 131,-<\/li>\n<\/ul>\n<p class=\"bodytext\">normal: EUR 620,-\/<span style=\"color: #993300;\"> <strong>570.- (Fr\u00fchbucher bis 30. J\u00e4nner 2026)<\/strong><\/span><br \/>\nerm\u00e4\u00dfigt<sup>*<\/sup>: EUR 520,-\/ <span style=\"color: #993300;\"><strong>490.- (Fr\u00fchbucher bis 30. J\u00e4nner 2026)<\/strong><\/span><br \/>\n\u00d6GwA\/\u00d6GPhyt-und \u00d6PhG Mitglieder: EUR 520,-\/<span style=\"color: #993300;\"><strong>490.- (Fr\u00fchbucher bis 30. J\u00e4nner 2026)<\/strong><\/span><br \/>\nStudententInnen<sup>**<\/sup>: EUR 480,-<\/p>\n<p class=\"bodytext\"><i>alle Preise inkl. MwSt.<\/i><\/p>\n<\/td>\n<td style=\"width: 30%; vertical-align: top;\"><img loading=\"lazy\" decoding=\"async\" class=\"alignnone wp-image-693 \" src=\"https:\/\/www.medizinischearomatherapie.at\/wp-content\/uploads\/2023\/02\/Fachbuch-Aromatherapie-Steflitsch-Nov-2021-A-300x225.jpg\" alt=\"\" width=\"229\" height=\"171\" srcset=\"https:\/\/www.medizinischearomatherapie.at\/wp-content\/uploads\/2023\/02\/Fachbuch-Aromatherapie-Steflitsch-Nov-2021-A-300x225.jpg 300w, https:\/\/www.medizinischearomatherapie.at\/wp-content\/uploads\/2023\/02\/Fachbuch-Aromatherapie-Steflitsch-Nov-2021-A-1024x768.jpg 1024w, https:\/\/www.medizinischearomatherapie.at\/wp-content\/uploads\/2023\/02\/Fachbuch-Aromatherapie-Steflitsch-Nov-2021-A-768x576.jpg 768w, https:\/\/www.medizinischearomatherapie.at\/wp-content\/uploads\/2023\/02\/Fachbuch-Aromatherapie-Steflitsch-Nov-2021-A-1536x1152.jpg 1536w, https:\/\/www.medizinischearomatherapie.at\/wp-content\/uploads\/2023\/02\/Fachbuch-Aromatherapie-Steflitsch-Nov-2021-A.jpg 2016w\" sizes=\"(max-width: 229px) 100vw, 229px\" \/><\/td>\n<\/tr>\n<\/tbody>\n<\/table>\n<p class=\"bodytext\"><sup>* <\/sup>Gegen Vorlage eines Nachweises erhalten in Ausbildung befindliche, karenzierte oder arbeitslose TeilnehmerInnen die erm\u00e4\u00dfigte Kongressgeb\u00fchr.<br \/>\n<sup>** <\/sup>Nachweis erforderlich<\/p>\n<p class=\"bodytext\"><b>5% Erm\u00e4\u00dfigung bei Buchung von 2 Modulen!<\/b><b><br \/>\n<\/b><\/p>\n<p><b>10% Erm\u00e4\u00dfigung bei Buchung von\u00a05 Modulen!<\/b><b><\/b><\/p>\n<\/div>\n<\/div>\n<div class=\"csc-textpic-clear\"><\/div>\n<\/div>\n<div id=\"c5051\" class=\"csc-default\">\n<div class=\"csc-header csc-header-n3\">\n<h1 class=\"underline\">Anmeldung per E-Mail<\/h1>\n<\/div>\n<p class=\"bodytext\">Bitte \u00fcbermitteln Sie uns Ihre Anmeldung per E-Mail (<a class=\"mail\" title=\"\u00d6ffnet ein Fenster zum Versenden der E-Mail\" href=\"mailto:office@medizinischearomatherapie.at\">office@medizinischearomatherapie.at<\/a>).<\/p>\n<p>Geben Sie bitte Name, Adresse, Email und falls zutreffend Grund f\u00fcr Erm\u00e4\u00dfigungsanspruch bekannt.<\/p>\n<p>Wir freuen uns auf Ihre Anmeldung!<\/p>\n<\/div>\n","protected":false},"excerpt":{"rendered":"<p>Teilnahmegeb\u00fchr je Modul inkl. 1 x Mittagsbuffet inkl. Pausenverpflegungen Ab der Buchung von 2 Modulen erhalten Sie das\u00a0Buch &#8222;Aromatherapie in Wissenschaft und Praxis&#8220; (Autor u.a. Dr. Wolfgang Steflitsch, Stadelmann Verlag) einmalig als Seminarunterlage, im Wert von EUR 131,- normal: EUR 620,-\/ 570.- (Fr\u00fchbucher bis 30. J\u00e4nner 2026) erm\u00e4\u00dfigt*: EUR 520,-\/ 490.- (Fr\u00fchbucher bis 30. J\u00e4nner [&hellip;]<\/p>\n","protected":false},"author":1,"featured_media":0,"parent":0,"menu_order":0,"comment_status":"closed","ping_status":"closed","template":"","meta":{"footnotes":""},"yoast_head":"<!-- This site is optimized with the Yoast SEO plugin v24.5 - https:\/\/yoast.com\/wordpress\/plugins\/seo\/ -->\n<title>Anmeldung - Medizinische Aromatherapie<\/title>\n<meta name=\"robots\" content=\"index, follow, max-snippet:-1, max-image-preview:large, max-video-preview:-1\" \/>\n<link rel=\"canonical\" href=\"https:\/\/www.medizinischearomatherapie.at\/?page_id=16\" \/>\n<meta property=\"og:locale\" content=\"de_DE\" \/>\n<meta property=\"og:type\" content=\"article\" \/>\n<meta property=\"og:title\" content=\"Anmeldung - Medizinische Aromatherapie\" \/>\n<meta property=\"og:description\" content=\"Teilnahmegeb\u00fchr je Modul inkl. 1 x Mittagsbuffet inkl. Pausenverpflegungen Ab der Buchung von 2 Modulen erhalten Sie das\u00a0Buch &#8222;Aromatherapie in Wissenschaft und Praxis&#8220; (Autor u.a. Dr. Wolfgang Steflitsch, Stadelmann Verlag) einmalig als Seminarunterlage, im Wert von EUR 131,- normal: EUR 620,-\/ 570.- (Fr\u00fchbucher bis 30. J\u00e4nner 2026) erm\u00e4\u00dfigt*: EUR 520,-\/ 490.- (Fr\u00fchbucher bis 30. J\u00e4nner [&hellip;]\" \/>\n<meta property=\"og:url\" content=\"https:\/\/www.medizinischearomatherapie.at\/?page_id=16\" \/>\n<meta property=\"og:site_name\" content=\"Medizinische Aromatherapie\" \/>\n<meta property=\"article:modified_time\" content=\"2025-11-24T16:02:47+00:00\" \/>\n<meta property=\"og:image\" content=\"https:\/\/www.medizinischearomatherapie.at\/wp-content\/uploads\/2023\/02\/Fachbuch-Aromatherapie-Steflitsch-Nov-2021-A.jpg\" \/>\n\t<meta property=\"og:image:width\" content=\"2016\" \/>\n\t<meta property=\"og:image:height\" content=\"1512\" \/>\n\t<meta property=\"og:image:type\" content=\"image\/jpeg\" \/>\n<meta name=\"twitter:card\" content=\"summary_large_image\" \/>\n<meta name=\"twitter:label1\" content=\"Gesch\u00e4tzte Lesezeit\" \/>\n\t<meta name=\"twitter:data1\" content=\"1\u00a0Minute\" \/>\n<script type=\"application\/ld+json\" class=\"yoast-schema-graph\">{\"@context\":\"https:\/\/schema.org\",\"@graph\":[{\"@type\":\"WebPage\",\"@id\":\"https:\/\/www.medizinischearomatherapie.at\/?page_id=16\",\"url\":\"https:\/\/www.medizinischearomatherapie.at\/?page_id=16\",\"name\":\"Anmeldung - Medizinische Aromatherapie\",\"isPartOf\":{\"@id\":\"https:\/\/www.medizinischearomatherapie.at\/#website\"},\"primaryImageOfPage\":{\"@id\":\"https:\/\/www.medizinischearomatherapie.at\/?page_id=16#primaryimage\"},\"image\":{\"@id\":\"https:\/\/www.medizinischearomatherapie.at\/?page_id=16#primaryimage\"},\"thumbnailUrl\":\"https:\/\/www.medizinischearomatherapie.at\/wp-content\/uploads\/2023\/02\/Fachbuch-Aromatherapie-Steflitsch-Nov-2021-A-300x225.jpg\",\"datePublished\":\"2017-09-15T08:33:04+00:00\",\"dateModified\":\"2025-11-24T16:02:47+00:00\",\"breadcrumb\":{\"@id\":\"https:\/\/www.medizinischearomatherapie.at\/?page_id=16#breadcrumb\"},\"inLanguage\":\"de\",\"potentialAction\":[{\"@type\":\"ReadAction\",\"target\":[\"https:\/\/www.medizinischearomatherapie.at\/?page_id=16\"]}]},{\"@type\":\"ImageObject\",\"inLanguage\":\"de\",\"@id\":\"https:\/\/www.medizinischearomatherapie.at\/?page_id=16#primaryimage\",\"url\":\"https:\/\/www.medizinischearomatherapie.at\/wp-content\/uploads\/2023\/02\/Fachbuch-Aromatherapie-Steflitsch-Nov-2021-A.jpg\",\"contentUrl\":\"https:\/\/www.medizinischearomatherapie.at\/wp-content\/uploads\/2023\/02\/Fachbuch-Aromatherapie-Steflitsch-Nov-2021-A.jpg\",\"width\":2016,\"height\":1512},{\"@type\":\"BreadcrumbList\",\"@id\":\"https:\/\/www.medizinischearomatherapie.at\/?page_id=16#breadcrumb\",\"itemListElement\":[{\"@type\":\"ListItem\",\"position\":1,\"name\":\"Startseite\",\"item\":\"https:\/\/www.medizinischearomatherapie.at\/\"},{\"@type\":\"ListItem\",\"position\":2,\"name\":\"Anmeldung\"}]},{\"@type\":\"WebSite\",\"@id\":\"https:\/\/www.medizinischearomatherapie.at\/#website\",\"url\":\"https:\/\/www.medizinischearomatherapie.at\/\",\"name\":\"Medizinische Aromatherapie\",\"description\":\"\",\"publisher\":{\"@id\":\"https:\/\/www.medizinischearomatherapie.at\/#organization\"},\"potentialAction\":[{\"@type\":\"SearchAction\",\"target\":{\"@type\":\"EntryPoint\",\"urlTemplate\":\"https:\/\/www.medizinischearomatherapie.at\/?s={search_term_string}\"},\"query-input\":{\"@type\":\"PropertyValueSpecification\",\"valueRequired\":true,\"valueName\":\"search_term_string\"}}],\"inLanguage\":\"de\"},{\"@type\":\"Organization\",\"@id\":\"https:\/\/www.medizinischearomatherapie.at\/#organization\",\"name\":\"Medizinische Aromatherapie\",\"url\":\"https:\/\/www.medizinischearomatherapie.at\/\",\"logo\":{\"@type\":\"ImageObject\",\"inLanguage\":\"de\",\"@id\":\"https:\/\/www.medizinischearomatherapie.at\/#\/schema\/logo\/image\/\",\"url\":\"https:\/\/www.medizinischearomatherapie.at\/wp-content\/uploads\/2018\/01\/cropped-Logo3.jpg\",\"contentUrl\":\"https:\/\/www.medizinischearomatherapie.at\/wp-content\/uploads\/2018\/01\/cropped-Logo3.jpg\",\"width\":1111,\"height\":551,\"caption\":\"Medizinische Aromatherapie\"},\"image\":{\"@id\":\"https:\/\/www.medizinischearomatherapie.at\/#\/schema\/logo\/image\/\"}}]}<\/script>\n<!-- \/ Yoast SEO plugin. -->","yoast_head_json":{"title":"Anmeldung - Medizinische Aromatherapie","robots":{"index":"index","follow":"follow","max-snippet":"max-snippet:-1","max-image-preview":"max-image-preview:large","max-video-preview":"max-video-preview:-1"},"canonical":"https:\/\/www.medizinischearomatherapie.at\/?page_id=16","og_locale":"de_DE","og_type":"article","og_title":"Anmeldung - Medizinische Aromatherapie","og_description":"Teilnahmegeb\u00fchr je Modul inkl. 1 x Mittagsbuffet inkl. Pausenverpflegungen Ab der Buchung von 2 Modulen erhalten Sie das\u00a0Buch &#8222;Aromatherapie in Wissenschaft und Praxis&#8220; (Autor u.a. Dr. Wolfgang Steflitsch, Stadelmann Verlag) einmalig als Seminarunterlage, im Wert von EUR 131,- normal: EUR 620,-\/ 570.- (Fr\u00fchbucher bis 30. J\u00e4nner 2026) erm\u00e4\u00dfigt*: EUR 520,-\/ 490.- (Fr\u00fchbucher bis 30. J\u00e4nner [&hellip;]","og_url":"https:\/\/www.medizinischearomatherapie.at\/?page_id=16","og_site_name":"Medizinische Aromatherapie","article_modified_time":"2025-11-24T16:02:47+00:00","og_image":[{"width":2016,"height":1512,"url":"https:\/\/www.medizinischearomatherapie.at\/wp-content\/uploads\/2023\/02\/Fachbuch-Aromatherapie-Steflitsch-Nov-2021-A.jpg","type":"image\/jpeg"}],"twitter_card":"summary_large_image","twitter_misc":{"Gesch\u00e4tzte Lesezeit":"1\u00a0Minute"},"schema":{"@context":"https:\/\/schema.org","@graph":[{"@type":"WebPage","@id":"https:\/\/www.medizinischearomatherapie.at\/?page_id=16","url":"https:\/\/www.medizinischearomatherapie.at\/?page_id=16","name":"Anmeldung - Medizinische Aromatherapie","isPartOf":{"@id":"https:\/\/www.medizinischearomatherapie.at\/#website"},"primaryImageOfPage":{"@id":"https:\/\/www.medizinischearomatherapie.at\/?page_id=16#primaryimage"},"image":{"@id":"https:\/\/www.medizinischearomatherapie.at\/?page_id=16#primaryimage"},"thumbnailUrl":"https:\/\/www.medizinischearomatherapie.at\/wp-content\/uploads\/2023\/02\/Fachbuch-Aromatherapie-Steflitsch-Nov-2021-A-300x225.jpg","datePublished":"2017-09-15T08:33:04+00:00","dateModified":"2025-11-24T16:02:47+00:00","breadcrumb":{"@id":"https:\/\/www.medizinischearomatherapie.at\/?page_id=16#breadcrumb"},"inLanguage":"de","potentialAction":[{"@type":"ReadAction","target":["https:\/\/www.medizinischearomatherapie.at\/?page_id=16"]}]},{"@type":"ImageObject","inLanguage":"de","@id":"https:\/\/www.medizinischearomatherapie.at\/?page_id=16#primaryimage","url":"https:\/\/www.medizinischearomatherapie.at\/wp-content\/uploads\/2023\/02\/Fachbuch-Aromatherapie-Steflitsch-Nov-2021-A.jpg","contentUrl":"https:\/\/www.medizinischearomatherapie.at\/wp-content\/uploads\/2023\/02\/Fachbuch-Aromatherapie-Steflitsch-Nov-2021-A.jpg","width":2016,"height":1512},{"@type":"BreadcrumbList","@id":"https:\/\/www.medizinischearomatherapie.at\/?page_id=16#breadcrumb","itemListElement":[{"@type":"ListItem","position":1,"name":"Startseite","item":"https:\/\/www.medizinischearomatherapie.at\/"},{"@type":"ListItem","position":2,"name":"Anmeldung"}]},{"@type":"WebSite","@id":"https:\/\/www.medizinischearomatherapie.at\/#website","url":"https:\/\/www.medizinischearomatherapie.at\/","name":"Medizinische Aromatherapie","description":"","publisher":{"@id":"https:\/\/www.medizinischearomatherapie.at\/#organization"},"potentialAction":[{"@type":"SearchAction","target":{"@type":"EntryPoint","urlTemplate":"https:\/\/www.medizinischearomatherapie.at\/?s={search_term_string}"},"query-input":{"@type":"PropertyValueSpecification","valueRequired":true,"valueName":"search_term_string"}}],"inLanguage":"de"},{"@type":"Organization","@id":"https:\/\/www.medizinischearomatherapie.at\/#organization","name":"Medizinische Aromatherapie","url":"https:\/\/www.medizinischearomatherapie.at\/","logo":{"@type":"ImageObject","inLanguage":"de","@id":"https:\/\/www.medizinischearomatherapie.at\/#\/schema\/logo\/image\/","url":"https:\/\/www.medizinischearomatherapie.at\/wp-content\/uploads\/2018\/01\/cropped-Logo3.jpg","contentUrl":"https:\/\/www.medizinischearomatherapie.at\/wp-content\/uploads\/2018\/01\/cropped-Logo3.jpg","width":1111,"height":551,"caption":"Medizinische Aromatherapie"},"image":{"@id":"https:\/\/www.medizinischearomatherapie.at\/#\/schema\/logo\/image\/"}}]}},"_links":{"self":[{"href":"https:\/\/www.medizinischearomatherapie.at\/index.php?rest_route=\/wp\/v2\/pages\/16"}],"collection":[{"href":"https:\/\/www.medizinischearomatherapie.at\/index.php?rest_route=\/wp\/v2\/pages"}],"about":[{"href":"https:\/\/www.medizinischearomatherapie.at\/index.php?rest_route=\/wp\/v2\/types\/page"}],"author":[{"embeddable":true,"href":"https:\/\/www.medizinischearomatherapie.at\/index.php?rest_route=\/wp\/v2\/users\/1"}],"replies":[{"embeddable":true,"href":"https:\/\/www.medizinischearomatherapie.at\/index.php?rest_route=%2Fwp%2Fv2%2Fcomments&post=16"}],"version-history":[{"count":39,"href":"https:\/\/www.medizinischearomatherapie.at\/index.php?rest_route=\/wp\/v2\/pages\/16\/revisions"}],"predecessor-version":[{"id":819,"href":"https:\/\/www.medizinischearomatherapie.at\/index.php?rest_route=\/wp\/v2\/pages\/16\/revisions\/819"}],"wp:attachment":[{"href":"https:\/\/www.medizinischearomatherapie.at\/index.php?rest_route=%2Fwp%2Fv2%2Fmedia&parent=16"}],"curies":[{"name":"wp","href":"https:\/\/api.w.org\/{rel}","templated":true}]}}