{"id":14,"date":"2017-09-15T10:32:54","date_gmt":"2017-09-15T08:32:54","guid":{"rendered":"http:\/\/www.medizinischearomatherapie.at\/?page_id=14"},"modified":"2025-12-07T09:52:20","modified_gmt":"2025-12-07T08:52:20","slug":"informationen","status":"publish","type":"page","link":"https:\/\/www.medizinischearomatherapie.at\/?page_id=14","title":{"rendered":"Informationen"},"content":{"rendered":"<div id=\"c5089\" class=\"csc-default\">\n<div class=\"csc-header csc-header-n1\"><\/div>\n<p class=\"bodytext\"><b>Ein Einstieg in den Lehrgang ist jederzeit m\u00f6glich, sodass TeilnehmerInnen auch im Folgejahr ihr Zertifikat\/ihre Teilnahmebest\u00e4tigung erwerben k\u00f6nnen. Voraussetzung ist eine Mindestteilnehmerzahl von 10 pro Veranstaltung.<\/b><\/p>\n<\/div>\n<div id=\"c5091\" class=\"csc-default\">\n<div class=\"csc-header csc-header-n2\">\n<h1 class=\" underline\">Veranstaltungsort<\/h1>\n<h5><\/h5>\n<hr \/>\n<\/div>\n<p><strong>Wien<\/strong><\/p>\n<\/div>\n<div id=\"c5092\" class=\"csc-default\">\n<div class=\"csc-header csc-header-n4\">\n<h1 class=\" underline\">Wiss. Lehrgangsleitung<\/h1>\n<\/div>\n<p><b>Univ.-Prof. Mag. Dr. Gerhard Buchbauer<\/b><\/p>\n<p><b>Dr.<sup><span style=\"font-size: small;\">in<\/span><\/sup> Gerda Dorfinger<\/b><\/p>\n<p><strong>Dr. Wolfgang Steflitsch<\/strong><\/p>\n<\/div>\n<p>Ansprechpartnerin Pharmazie: Mag.pharm.Dr. Barbara Nasel, BEd<\/p>\n<div id=\"c5080\" class=\"csc-default\">\n<div class=\"csc-header csc-header-n5\">\n<h1 class=\" underline\">Kongressb\u00fcro<\/h1>\n<\/div>\n<p class=\"bodytext\"><b>Mag. Andrea Asinger<\/b><br \/>\n<a href=\"mailto:office@medizinischearomatherapie.at\">office@medizinischearomatherapie.at<\/a><\/p>\n<\/div>\n<div id=\"c5087\" class=\"csc-default\">\n<div class=\"csc-header csc-header-n7\">\n<div class=\"csc-header csc-header-n3\">\n<h2 class=\" underline\">Veranstalter<\/h2>\n<\/div>\n<p class=\"bodytext\"><b><i><\/i>Dr. Gerda Dorfinger, <\/b><span class=\"mark53e3k1ztg\" data-markjs=\"true\" data-ogac=\"\" data-ogab=\"\" data-ogsc=\"\" data-ogsb=\"\">1010 Wien, <\/span>Kantgasse 3\/12<\/p>\n<h1>Anrechenbarkeit<\/h1>\n<\/div>\n<div class=\"csc-textpic csc-textpic-intext-right\">\n<div class=\"csc-textpic-text\">\n<p class=\"bodytext\"><b>\u00c4rztInnen (DFP):<\/b><i><br \/>\n<\/i><strong>F\u00fcr den Lehrgang wurden insgesamt 70 DFP Punkte approbiert (sonst. DFP)<\/strong><\/p>\n<p class=\"bodytext\"><b> PharmazeutInnen (FFP):<\/b><i><br \/>\n<\/i><strong><span style=\"color: #000000;\">F\u00fcr den Lehrgang wurden von der Apothekerkammer f\u00fcr Modul 1 20 FFP, Modul 2 17 FFP und Modul 4\u00a0 21 freie FFP Punkte approbiert, die anderen Module sind in Akkreditierung.<\/span><\/strong><\/p>\n<\/div>\n<\/div>\n<\/div>\n<div id=\"c5085\" class=\"csc-default\">\n<div class=\"csc-header csc-header-n8\">\n<h1 class=\" underline\">Zielgruppen<\/h1>\n<\/div>\n<p class=\"bodytext\">&#8211; \u00c4rztInnen<br \/>\n&#8211; PharmazeutInnen<br \/>\n&#8211; akademischer Studienabschluss in Zahnmedizin, Veterin\u00e4rmedizin<\/p>\n<p class=\"bodytext\">-gesundheitswissenschaftlicher Beruf mindestens auf Bachelorniveau<\/p>\n<\/div>\n<div id=\"c5081\" class=\"csc-default\">\n<div class=\"csc-header csc-header-n9\">\n<h1 class=\" underline\">Teilnahmegeb\u00fchr je Modul<\/h1>\n<\/div>\n<div class=\"csc-textpic csc-textpic-intext-right\">\n<div class=\"csc-textpic-text\">\n<ul>\n<li>inkl. 1 x Mittagsbuffet<\/li>\n<li>inkl. Pausenverpflegungen<\/li>\n<li>ab der Buchung von 2 Modulen erhalten Sie das Buch &#8222;Aromatherapie in Wissenschaft und Praxis&#8220; (Autor u.a. Dr. Wolfgang Steflitsch, <a class=\"external-link-new-window\" title=\"\u00d6ffnet externen Link in neuem Fenster\" href=\"http:\/\/www.stadelmann-verlag.de\/buch-at.html\" target=\"_blank\" rel=\"noopener noreferrer\">Stadelmann Verlag<\/a>) <i>einmalig<\/i> als Seminarunterlage, im Wert von EUR 131.-<\/li>\n<\/ul>\n<p class=\"bodytext\">normal: EUR 620,- \/ <span style=\"color: #993300;\"><strong>570.- (Fr\u00fchbucher bis 30. J\u00e4nner 2026)<\/strong><\/span><br \/>\nerm\u00e4\u00dfigt<sup>*<\/sup>: EUR 520,- \/ <span style=\"color: #993300;\"><strong>490.- (Fr\u00fchbucher bis 30. J\u00e4nner 2026)<\/strong><\/span><br \/>\n\u00d6GwA\/\u00d6GPhyt-Mitglieder: EUR 520,-\/ <span style=\"color: #993300;\"><strong>490.- (Fr\u00fchbucher bis 30. J\u00e4nner 2026)<\/strong><\/span><br \/>\nStudententInnen<sup>**<\/sup>: EUR 480,-<\/p>\n<p class=\"bodytext\"><i>alle Preise inkl. MwSt.<\/i><\/p>\n<p class=\"bodytext\"><sup>* <\/sup>Gegen Vorlage eines Nachweises erhalten in Ausbildung befindliche, karenzierte oder arbeitslose TeilnehmerInnen die erm\u00e4\u00dfigte Kongressgeb\u00fchr.<br \/>\n<sup>** <\/sup>Nachweis erforderlich<\/p>\n<p class=\"bodytext\"><b>5% Erm\u00e4\u00dfigung bei Buchung von 2 Modulen!<\/b><b><br \/>\n<\/b><\/p>\n<p><b>10% Erm\u00e4\u00dfigung bei Buchung von\u00a05 Modulen!<\/b><b><\/b><\/p>\n<p class=\"bodytext\"><strong>Begrenzte Teilnehmerzahl! Anmeldung erforderlich!<\/strong><\/p>\n<\/div>\n<\/div>\n<\/div>\n","protected":false},"excerpt":{"rendered":"<p>Ein Einstieg in den Lehrgang ist jederzeit m\u00f6glich, sodass TeilnehmerInnen auch im Folgejahr ihr Zertifikat\/ihre Teilnahmebest\u00e4tigung erwerben k\u00f6nnen. Voraussetzung ist eine Mindestteilnehmerzahl von 10 pro Veranstaltung. Veranstaltungsort Wien Wiss. Lehrgangsleitung Univ.-Prof. Mag. Dr. Gerhard Buchbauer Dr.in Gerda Dorfinger Dr. Wolfgang Steflitsch Ansprechpartnerin Pharmazie: Mag.pharm.Dr. Barbara Nasel, BEd Kongressb\u00fcro Mag. Andrea Asinger office@medizinischearomatherapie.at Veranstalter Dr. Gerda [&hellip;]<\/p>\n","protected":false},"author":1,"featured_media":0,"parent":0,"menu_order":0,"comment_status":"closed","ping_status":"closed","template":"","meta":{"footnotes":""},"yoast_head":"<!-- This site is optimized with the Yoast SEO plugin v24.5 - https:\/\/yoast.com\/wordpress\/plugins\/seo\/ -->\n<title>Informationen - Medizinische Aromatherapie<\/title>\n<meta name=\"robots\" content=\"index, follow, max-snippet:-1, max-image-preview:large, max-video-preview:-1\" \/>\n<link rel=\"canonical\" href=\"https:\/\/www.medizinischearomatherapie.at\/?page_id=14\" \/>\n<meta property=\"og:locale\" content=\"de_DE\" \/>\n<meta property=\"og:type\" content=\"article\" \/>\n<meta property=\"og:title\" content=\"Informationen - Medizinische Aromatherapie\" \/>\n<meta property=\"og:description\" content=\"Ein Einstieg in den Lehrgang ist jederzeit m\u00f6glich, sodass TeilnehmerInnen auch im Folgejahr ihr Zertifikat\/ihre Teilnahmebest\u00e4tigung erwerben k\u00f6nnen. Voraussetzung ist eine Mindestteilnehmerzahl von 10 pro Veranstaltung. Veranstaltungsort Wien Wiss. Lehrgangsleitung Univ.-Prof. Mag. Dr. Gerhard Buchbauer Dr.in Gerda Dorfinger Dr. Wolfgang Steflitsch Ansprechpartnerin Pharmazie: Mag.pharm.Dr. Barbara Nasel, BEd Kongressb\u00fcro Mag. Andrea Asinger office@medizinischearomatherapie.at Veranstalter Dr. Gerda [&hellip;]\" \/>\n<meta property=\"og:url\" content=\"https:\/\/www.medizinischearomatherapie.at\/?page_id=14\" \/>\n<meta property=\"og:site_name\" content=\"Medizinische Aromatherapie\" \/>\n<meta property=\"article:modified_time\" content=\"2025-12-07T08:52:20+00:00\" \/>\n<meta name=\"twitter:card\" content=\"summary_large_image\" \/>\n<meta name=\"twitter:label1\" content=\"Gesch\u00e4tzte Lesezeit\" \/>\n\t<meta name=\"twitter:data1\" content=\"2\u00a0Minuten\" \/>\n<script type=\"application\/ld+json\" class=\"yoast-schema-graph\">{\"@context\":\"https:\/\/schema.org\",\"@graph\":[{\"@type\":\"WebPage\",\"@id\":\"https:\/\/www.medizinischearomatherapie.at\/?page_id=14\",\"url\":\"https:\/\/www.medizinischearomatherapie.at\/?page_id=14\",\"name\":\"Informationen - Medizinische Aromatherapie\",\"isPartOf\":{\"@id\":\"https:\/\/www.medizinischearomatherapie.at\/#website\"},\"datePublished\":\"2017-09-15T08:32:54+00:00\",\"dateModified\":\"2025-12-07T08:52:20+00:00\",\"breadcrumb\":{\"@id\":\"https:\/\/www.medizinischearomatherapie.at\/?page_id=14#breadcrumb\"},\"inLanguage\":\"de\",\"potentialAction\":[{\"@type\":\"ReadAction\",\"target\":[\"https:\/\/www.medizinischearomatherapie.at\/?page_id=14\"]}]},{\"@type\":\"BreadcrumbList\",\"@id\":\"https:\/\/www.medizinischearomatherapie.at\/?page_id=14#breadcrumb\",\"itemListElement\":[{\"@type\":\"ListItem\",\"position\":1,\"name\":\"Startseite\",\"item\":\"https:\/\/www.medizinischearomatherapie.at\/\"},{\"@type\":\"ListItem\",\"position\":2,\"name\":\"Informationen\"}]},{\"@type\":\"WebSite\",\"@id\":\"https:\/\/www.medizinischearomatherapie.at\/#website\",\"url\":\"https:\/\/www.medizinischearomatherapie.at\/\",\"name\":\"Medizinische Aromatherapie\",\"description\":\"\",\"publisher\":{\"@id\":\"https:\/\/www.medizinischearomatherapie.at\/#organization\"},\"potentialAction\":[{\"@type\":\"SearchAction\",\"target\":{\"@type\":\"EntryPoint\",\"urlTemplate\":\"https:\/\/www.medizinischearomatherapie.at\/?s={search_term_string}\"},\"query-input\":{\"@type\":\"PropertyValueSpecification\",\"valueRequired\":true,\"valueName\":\"search_term_string\"}}],\"inLanguage\":\"de\"},{\"@type\":\"Organization\",\"@id\":\"https:\/\/www.medizinischearomatherapie.at\/#organization\",\"name\":\"Medizinische Aromatherapie\",\"url\":\"https:\/\/www.medizinischearomatherapie.at\/\",\"logo\":{\"@type\":\"ImageObject\",\"inLanguage\":\"de\",\"@id\":\"https:\/\/www.medizinischearomatherapie.at\/#\/schema\/logo\/image\/\",\"url\":\"https:\/\/www.medizinischearomatherapie.at\/wp-content\/uploads\/2018\/01\/cropped-Logo3.jpg\",\"contentUrl\":\"https:\/\/www.medizinischearomatherapie.at\/wp-content\/uploads\/2018\/01\/cropped-Logo3.jpg\",\"width\":1111,\"height\":551,\"caption\":\"Medizinische Aromatherapie\"},\"image\":{\"@id\":\"https:\/\/www.medizinischearomatherapie.at\/#\/schema\/logo\/image\/\"}}]}<\/script>\n<!-- \/ Yoast SEO plugin. -->","yoast_head_json":{"title":"Informationen - Medizinische Aromatherapie","robots":{"index":"index","follow":"follow","max-snippet":"max-snippet:-1","max-image-preview":"max-image-preview:large","max-video-preview":"max-video-preview:-1"},"canonical":"https:\/\/www.medizinischearomatherapie.at\/?page_id=14","og_locale":"de_DE","og_type":"article","og_title":"Informationen - Medizinische Aromatherapie","og_description":"Ein Einstieg in den Lehrgang ist jederzeit m\u00f6glich, sodass TeilnehmerInnen auch im Folgejahr ihr Zertifikat\/ihre Teilnahmebest\u00e4tigung erwerben k\u00f6nnen. Voraussetzung ist eine Mindestteilnehmerzahl von 10 pro Veranstaltung. Veranstaltungsort Wien Wiss. Lehrgangsleitung Univ.-Prof. Mag. Dr. Gerhard Buchbauer Dr.in Gerda Dorfinger Dr. Wolfgang Steflitsch Ansprechpartnerin Pharmazie: Mag.pharm.Dr. Barbara Nasel, BEd Kongressb\u00fcro Mag. Andrea Asinger office@medizinischearomatherapie.at Veranstalter Dr. Gerda [&hellip;]","og_url":"https:\/\/www.medizinischearomatherapie.at\/?page_id=14","og_site_name":"Medizinische Aromatherapie","article_modified_time":"2025-12-07T08:52:20+00:00","twitter_card":"summary_large_image","twitter_misc":{"Gesch\u00e4tzte Lesezeit":"2\u00a0Minuten"},"schema":{"@context":"https:\/\/schema.org","@graph":[{"@type":"WebPage","@id":"https:\/\/www.medizinischearomatherapie.at\/?page_id=14","url":"https:\/\/www.medizinischearomatherapie.at\/?page_id=14","name":"Informationen - Medizinische Aromatherapie","isPartOf":{"@id":"https:\/\/www.medizinischearomatherapie.at\/#website"},"datePublished":"2017-09-15T08:32:54+00:00","dateModified":"2025-12-07T08:52:20+00:00","breadcrumb":{"@id":"https:\/\/www.medizinischearomatherapie.at\/?page_id=14#breadcrumb"},"inLanguage":"de","potentialAction":[{"@type":"ReadAction","target":["https:\/\/www.medizinischearomatherapie.at\/?page_id=14"]}]},{"@type":"BreadcrumbList","@id":"https:\/\/www.medizinischearomatherapie.at\/?page_id=14#breadcrumb","itemListElement":[{"@type":"ListItem","position":1,"name":"Startseite","item":"https:\/\/www.medizinischearomatherapie.at\/"},{"@type":"ListItem","position":2,"name":"Informationen"}]},{"@type":"WebSite","@id":"https:\/\/www.medizinischearomatherapie.at\/#website","url":"https:\/\/www.medizinischearomatherapie.at\/","name":"Medizinische Aromatherapie","description":"","publisher":{"@id":"https:\/\/www.medizinischearomatherapie.at\/#organization"},"potentialAction":[{"@type":"SearchAction","target":{"@type":"EntryPoint","urlTemplate":"https:\/\/www.medizinischearomatherapie.at\/?s={search_term_string}"},"query-input":{"@type":"PropertyValueSpecification","valueRequired":true,"valueName":"search_term_string"}}],"inLanguage":"de"},{"@type":"Organization","@id":"https:\/\/www.medizinischearomatherapie.at\/#organization","name":"Medizinische Aromatherapie","url":"https:\/\/www.medizinischearomatherapie.at\/","logo":{"@type":"ImageObject","inLanguage":"de","@id":"https:\/\/www.medizinischearomatherapie.at\/#\/schema\/logo\/image\/","url":"https:\/\/www.medizinischearomatherapie.at\/wp-content\/uploads\/2018\/01\/cropped-Logo3.jpg","contentUrl":"https:\/\/www.medizinischearomatherapie.at\/wp-content\/uploads\/2018\/01\/cropped-Logo3.jpg","width":1111,"height":551,"caption":"Medizinische Aromatherapie"},"image":{"@id":"https:\/\/www.medizinischearomatherapie.at\/#\/schema\/logo\/image\/"}}]}},"_links":{"self":[{"href":"https:\/\/www.medizinischearomatherapie.at\/index.php?rest_route=\/wp\/v2\/pages\/14"}],"collection":[{"href":"https:\/\/www.medizinischearomatherapie.at\/index.php?rest_route=\/wp\/v2\/pages"}],"about":[{"href":"https:\/\/www.medizinischearomatherapie.at\/index.php?rest_route=\/wp\/v2\/types\/page"}],"author":[{"embeddable":true,"href":"https:\/\/www.medizinischearomatherapie.at\/index.php?rest_route=\/wp\/v2\/users\/1"}],"replies":[{"embeddable":true,"href":"https:\/\/www.medizinischearomatherapie.at\/index.php?rest_route=%2Fwp%2Fv2%2Fcomments&post=14"}],"version-history":[{"count":53,"href":"https:\/\/www.medizinischearomatherapie.at\/index.php?rest_route=\/wp\/v2\/pages\/14\/revisions"}],"predecessor-version":[{"id":828,"href":"https:\/\/www.medizinischearomatherapie.at\/index.php?rest_route=\/wp\/v2\/pages\/14\/revisions\/828"}],"wp:attachment":[{"href":"https:\/\/www.medizinischearomatherapie.at\/index.php?rest_route=%2Fwp%2Fv2%2Fmedia&parent=14"}],"curies":[{"name":"wp","href":"https:\/\/api.w.org\/{rel}","templated":true}]}}