{"id":110,"date":"2017-09-26T17:24:00","date_gmt":"2017-09-26T15:24:00","guid":{"rendered":"http:\/\/www.medizinischearomatherapie.at\/?page_id=110"},"modified":"2025-12-04T05:04:26","modified_gmt":"2025-12-04T04:04:26","slug":"modul-3-2018","status":"publish","type":"page","link":"https:\/\/www.medizinischearomatherapie.at\/?page_id=110","title":{"rendered":"Modul 3"},"content":{"rendered":"<div id=\"c5059\" class=\"csc-default\">\n<h1 class=\"csc-firstHeader underline\">Modul 3 (15.-16. Mai 2026)<\/h1>\n<p class=\"bodytext\">(14 Einheiten)<\/p>\n<p class=\"bodytext\">\n<\/div>\n<div id=\"c5058\" class=\"csc-default\">\n<h2>Freitag<\/h2>\n<\/div>\n<div id=\"c5057\" class=\"csc-default\">\n<table class=\"contenttable contenttable-0\">\n<tbody>\n<tr class=\"tr-even\">\n<td>8.308.45-9.00<\/td>\n<td>RegistrierungBegr\u00fc\u00dfung<\/td>\n<td><\/td>\n<\/tr>\n<tr class=\"tr-odd\">\n<td>9.00\u2013 11.15<\/td>\n<td>Aromapflege: Leitlinien, Ziele, Indikationen, Aromapflege in der Praxis inkl. Streichungen, Einreibungen mit \u00c4therisch\u00f6lmischungen<br \/>\n<em>\u00a0DGKS Susanne Mild BSc\u00a0 \u00a0Dr. Gerda Dorfinger<\/em><\/td>\n<td>4E<\/td>\n<\/tr>\n<tr class=\"tr-even\">\n<td>11.15 \u2013 12.30<\/td>\n<td><strong>Mittagspause<\/strong><\/td>\n<td><\/td>\n<\/tr>\n<tr class=\"tr-odd\">\n<td>12.30 \u2013 14.30<\/td>\n<td><em>Aromapflege in der Praxis, Pflanzensteckbriefe ausgew\u00e4hlter \u00e4therischer \u00d6le, unterschiedliche Chemotypen<br \/>\nDGKP Susanne Melnick<br \/>\n<\/em><\/td>\n<td>2E<\/td>\n<\/tr>\n<tr class=\"tr-even\">\n<td>14.30 \u2013 15.00<\/td>\n<td>\u00a0<strong><em>Pause<\/em><\/strong><\/td>\n<td><\/td>\n<\/tr>\n<tr class=\"tr-odd\">\n<td>15.00-16.00<\/td>\n<td><em>\u00a0<\/em><em>Aromapflege in der Praxis, Pflanzensteckbriefe ausgew\u00e4hlter \u00e4therischer \u00d6le, unterschiedliche Chemotypen incl. Onkologie<\/em>Susanne Melnick DGKP\u00a0 Dr. Gerda Dorfinger<\/td>\n<td>3E<\/td>\n<\/tr>\n<tr class=\"tr-even\">\n<td>16.05-16.30<\/td>\n<td>Einteilung der Arbeitsauftr\u00e4ge in medizinischer Aromatherapie <em>Dr. Wolfgang Steflitsch<\/em><\/td>\n<td><\/td>\n<\/tr>\n<tr class=\"tr-odd\">\n<td><\/td>\n<td><sup>Programm\u00e4nderungen vorbehalten<\/sup><\/td>\n<td><\/td>\n<\/tr>\n<\/tbody>\n<\/table>\n<\/div>\n<div id=\"c5056\" class=\"csc-default\">\n<h2>Samstag<\/h2>\n<div id=\"c5057\" class=\"csc-default\">\n<table class=\"contenttable contenttable-0\">\n<tbody>\n<tr class=\"tr-odd tr-1\">\n<td class=\"td-0\">08.30\u2013 08.45<\/td>\n<td class=\"td-1\">Begr\u00fc\u00dfung<br \/>\n<i><\/i><\/td>\n<td class=\"td-last td-2\"><\/td>\n<\/tr>\n<tr class=\"tr-even tr-2\">\n<td class=\"td-0\">08.45\u2013 10.00<\/td>\n<td class=\"td-1\">Labordiagnostik in der Aromatherapie<br \/>\n<em>Dr. Gerda Dorfinger<\/em><\/td>\n<td class=\"td-last td-2\">1,5E<\/td>\n<\/tr>\n<tr class=\"tr-odd tr-3\">\n<td class=\"td-0\">10.05 \u2013 11.00<\/td>\n<td class=\"td-1\">Medizinische Aromatherapie bei Infektionen<em>Dr. Gerda Dorfinger<\/em><\/td>\n<td class=\"td-last td-2\">1,E<\/td>\n<\/tr>\n<tr class=\"tr-even tr-4\">\n<td class=\"td-0\"><\/td>\n<td class=\"td-1\"><strong>Pause<\/strong><\/td>\n<td class=\"td-last td-2\"><\/td>\n<\/tr>\n<tr class=\"tr-odd tr-5\">\n<td class=\"td-0\">11.15 \u2013 12.15<\/td>\n<td class=\"td-1\">Wissenschaftliche Grundlagen und Forschungsergebnisse<br \/>\n<em>Prof. Dr. Gerhard Buchbauer<\/em><\/td>\n<td class=\"td-last td-2\">1,5E<\/td>\n<\/tr>\n<tr class=\"tr-even tr-last\">\n<td class=\"td-0\">12.15 \u2013 13.15<\/td>\n<td class=\"td-1\"><b>Mittagspause<\/b><\/td>\n<td class=\"td-last td-2\">1,5E<\/td>\n<\/tr>\n<tr class=\"tr-odd tr-5\">\n<td class=\"td-0\">13.15 \u2013 15.00<\/td>\n<td class=\"td-1\">Qualit\u00e4tskontrolle, Authentizit\u00e4t, Lagerung, Sicherheit im Umgang mit \u00e4therischen \u00d6len in der Apotheke, Beratung an der Tara, Aromatherapie direkt, Erste Hilfe<br \/>\n<em>Mag. pharm. Dr. Barbara Nasel<\/em><\/td>\n<td class=\"td-last td-2\"><\/td>\n<\/tr>\n<\/tbody>\n<\/table>\n<\/div>\n<\/div>\n<div id=\"c5055\" class=\"csc-default\">\n<div id=\"c5057\" class=\"csc-default\"><sup>Programm\u00e4nderungen vorbehalten<\/sup><\/div>\n<div id=\"c5056\" class=\"csc-default\"><\/div>\n<\/div>\n","protected":false},"excerpt":{"rendered":"<p>Modul 3 (15.-16. Mai 2026) (14 Einheiten) Freitag 8.308.45-9.00 RegistrierungBegr\u00fc\u00dfung 9.00\u2013 11.15 Aromapflege: Leitlinien, Ziele, Indikationen, Aromapflege in der Praxis inkl. Streichungen, Einreibungen mit \u00c4therisch\u00f6lmischungen \u00a0DGKS Susanne Mild BSc\u00a0 \u00a0Dr. Gerda Dorfinger 4E 11.15 \u2013 12.30 Mittagspause 12.30 \u2013 14.30 Aromapflege in der Praxis, Pflanzensteckbriefe ausgew\u00e4hlter \u00e4therischer \u00d6le, unterschiedliche Chemotypen DGKP Susanne Melnick 2E 14.30 [&hellip;]<\/p>\n","protected":false},"author":1,"featured_media":0,"parent":0,"menu_order":0,"comment_status":"closed","ping_status":"closed","template":"","meta":{"footnotes":""},"yoast_head":"<!-- This site is optimized with the Yoast SEO plugin v24.5 - https:\/\/yoast.com\/wordpress\/plugins\/seo\/ -->\n<title>Modul 3 - Medizinische Aromatherapie<\/title>\n<meta name=\"robots\" content=\"index, follow, max-snippet:-1, max-image-preview:large, max-video-preview:-1\" \/>\n<link rel=\"canonical\" href=\"https:\/\/www.medizinischearomatherapie.at\/?page_id=110\" \/>\n<meta property=\"og:locale\" content=\"de_DE\" \/>\n<meta property=\"og:type\" content=\"article\" \/>\n<meta property=\"og:title\" content=\"Modul 3 - Medizinische Aromatherapie\" \/>\n<meta property=\"og:description\" content=\"Modul 3 (15.-16. Mai 2026) (14 Einheiten) Freitag 8.308.45-9.00 RegistrierungBegr\u00fc\u00dfung 9.00\u2013 11.15 Aromapflege: Leitlinien, Ziele, Indikationen, Aromapflege in der Praxis inkl. Streichungen, Einreibungen mit \u00c4therisch\u00f6lmischungen \u00a0DGKS Susanne Mild BSc\u00a0 \u00a0Dr. Gerda Dorfinger 4E 11.15 \u2013 12.30 Mittagspause 12.30 \u2013 14.30 Aromapflege in der Praxis, Pflanzensteckbriefe ausgew\u00e4hlter \u00e4therischer \u00d6le, unterschiedliche Chemotypen DGKP Susanne Melnick 2E 14.30 [&hellip;]\" \/>\n<meta property=\"og:url\" content=\"https:\/\/www.medizinischearomatherapie.at\/?page_id=110\" \/>\n<meta property=\"og:site_name\" content=\"Medizinische Aromatherapie\" \/>\n<meta property=\"article:modified_time\" content=\"2025-12-04T04:04:26+00:00\" \/>\n<meta name=\"twitter:card\" content=\"summary_large_image\" \/>\n<meta name=\"twitter:label1\" content=\"Gesch\u00e4tzte Lesezeit\" \/>\n\t<meta name=\"twitter:data1\" content=\"1\u00a0Minute\" \/>\n<script type=\"application\/ld+json\" class=\"yoast-schema-graph\">{\"@context\":\"https:\/\/schema.org\",\"@graph\":[{\"@type\":\"WebPage\",\"@id\":\"https:\/\/www.medizinischearomatherapie.at\/?page_id=110\",\"url\":\"https:\/\/www.medizinischearomatherapie.at\/?page_id=110\",\"name\":\"Modul 3 - Medizinische Aromatherapie\",\"isPartOf\":{\"@id\":\"https:\/\/www.medizinischearomatherapie.at\/#website\"},\"datePublished\":\"2017-09-26T15:24:00+00:00\",\"dateModified\":\"2025-12-04T04:04:26+00:00\",\"breadcrumb\":{\"@id\":\"https:\/\/www.medizinischearomatherapie.at\/?page_id=110#breadcrumb\"},\"inLanguage\":\"de\",\"potentialAction\":[{\"@type\":\"ReadAction\",\"target\":[\"https:\/\/www.medizinischearomatherapie.at\/?page_id=110\"]}]},{\"@type\":\"BreadcrumbList\",\"@id\":\"https:\/\/www.medizinischearomatherapie.at\/?page_id=110#breadcrumb\",\"itemListElement\":[{\"@type\":\"ListItem\",\"position\":1,\"name\":\"Startseite\",\"item\":\"https:\/\/www.medizinischearomatherapie.at\/\"},{\"@type\":\"ListItem\",\"position\":2,\"name\":\"Modul 3\"}]},{\"@type\":\"WebSite\",\"@id\":\"https:\/\/www.medizinischearomatherapie.at\/#website\",\"url\":\"https:\/\/www.medizinischearomatherapie.at\/\",\"name\":\"Medizinische Aromatherapie\",\"description\":\"\",\"publisher\":{\"@id\":\"https:\/\/www.medizinischearomatherapie.at\/#organization\"},\"potentialAction\":[{\"@type\":\"SearchAction\",\"target\":{\"@type\":\"EntryPoint\",\"urlTemplate\":\"https:\/\/www.medizinischearomatherapie.at\/?s={search_term_string}\"},\"query-input\":{\"@type\":\"PropertyValueSpecification\",\"valueRequired\":true,\"valueName\":\"search_term_string\"}}],\"inLanguage\":\"de\"},{\"@type\":\"Organization\",\"@id\":\"https:\/\/www.medizinischearomatherapie.at\/#organization\",\"name\":\"Medizinische Aromatherapie\",\"url\":\"https:\/\/www.medizinischearomatherapie.at\/\",\"logo\":{\"@type\":\"ImageObject\",\"inLanguage\":\"de\",\"@id\":\"https:\/\/www.medizinischearomatherapie.at\/#\/schema\/logo\/image\/\",\"url\":\"https:\/\/www.medizinischearomatherapie.at\/wp-content\/uploads\/2018\/01\/cropped-Logo3.jpg\",\"contentUrl\":\"https:\/\/www.medizinischearomatherapie.at\/wp-content\/uploads\/2018\/01\/cropped-Logo3.jpg\",\"width\":1111,\"height\":551,\"caption\":\"Medizinische Aromatherapie\"},\"image\":{\"@id\":\"https:\/\/www.medizinischearomatherapie.at\/#\/schema\/logo\/image\/\"}}]}<\/script>\n<!-- \/ Yoast SEO plugin. -->","yoast_head_json":{"title":"Modul 3 - Medizinische Aromatherapie","robots":{"index":"index","follow":"follow","max-snippet":"max-snippet:-1","max-image-preview":"max-image-preview:large","max-video-preview":"max-video-preview:-1"},"canonical":"https:\/\/www.medizinischearomatherapie.at\/?page_id=110","og_locale":"de_DE","og_type":"article","og_title":"Modul 3 - Medizinische Aromatherapie","og_description":"Modul 3 (15.-16. Mai 2026) (14 Einheiten) Freitag 8.308.45-9.00 RegistrierungBegr\u00fc\u00dfung 9.00\u2013 11.15 Aromapflege: Leitlinien, Ziele, Indikationen, Aromapflege in der Praxis inkl. Streichungen, Einreibungen mit \u00c4therisch\u00f6lmischungen \u00a0DGKS Susanne Mild BSc\u00a0 \u00a0Dr. Gerda Dorfinger 4E 11.15 \u2013 12.30 Mittagspause 12.30 \u2013 14.30 Aromapflege in der Praxis, Pflanzensteckbriefe ausgew\u00e4hlter \u00e4therischer \u00d6le, unterschiedliche Chemotypen DGKP Susanne Melnick 2E 14.30 [&hellip;]","og_url":"https:\/\/www.medizinischearomatherapie.at\/?page_id=110","og_site_name":"Medizinische Aromatherapie","article_modified_time":"2025-12-04T04:04:26+00:00","twitter_card":"summary_large_image","twitter_misc":{"Gesch\u00e4tzte Lesezeit":"1\u00a0Minute"},"schema":{"@context":"https:\/\/schema.org","@graph":[{"@type":"WebPage","@id":"https:\/\/www.medizinischearomatherapie.at\/?page_id=110","url":"https:\/\/www.medizinischearomatherapie.at\/?page_id=110","name":"Modul 3 - Medizinische Aromatherapie","isPartOf":{"@id":"https:\/\/www.medizinischearomatherapie.at\/#website"},"datePublished":"2017-09-26T15:24:00+00:00","dateModified":"2025-12-04T04:04:26+00:00","breadcrumb":{"@id":"https:\/\/www.medizinischearomatherapie.at\/?page_id=110#breadcrumb"},"inLanguage":"de","potentialAction":[{"@type":"ReadAction","target":["https:\/\/www.medizinischearomatherapie.at\/?page_id=110"]}]},{"@type":"BreadcrumbList","@id":"https:\/\/www.medizinischearomatherapie.at\/?page_id=110#breadcrumb","itemListElement":[{"@type":"ListItem","position":1,"name":"Startseite","item":"https:\/\/www.medizinischearomatherapie.at\/"},{"@type":"ListItem","position":2,"name":"Modul 3"}]},{"@type":"WebSite","@id":"https:\/\/www.medizinischearomatherapie.at\/#website","url":"https:\/\/www.medizinischearomatherapie.at\/","name":"Medizinische Aromatherapie","description":"","publisher":{"@id":"https:\/\/www.medizinischearomatherapie.at\/#organization"},"potentialAction":[{"@type":"SearchAction","target":{"@type":"EntryPoint","urlTemplate":"https:\/\/www.medizinischearomatherapie.at\/?s={search_term_string}"},"query-input":{"@type":"PropertyValueSpecification","valueRequired":true,"valueName":"search_term_string"}}],"inLanguage":"de"},{"@type":"Organization","@id":"https:\/\/www.medizinischearomatherapie.at\/#organization","name":"Medizinische Aromatherapie","url":"https:\/\/www.medizinischearomatherapie.at\/","logo":{"@type":"ImageObject","inLanguage":"de","@id":"https:\/\/www.medizinischearomatherapie.at\/#\/schema\/logo\/image\/","url":"https:\/\/www.medizinischearomatherapie.at\/wp-content\/uploads\/2018\/01\/cropped-Logo3.jpg","contentUrl":"https:\/\/www.medizinischearomatherapie.at\/wp-content\/uploads\/2018\/01\/cropped-Logo3.jpg","width":1111,"height":551,"caption":"Medizinische Aromatherapie"},"image":{"@id":"https:\/\/www.medizinischearomatherapie.at\/#\/schema\/logo\/image\/"}}]}},"_links":{"self":[{"href":"https:\/\/www.medizinischearomatherapie.at\/index.php?rest_route=\/wp\/v2\/pages\/110"}],"collection":[{"href":"https:\/\/www.medizinischearomatherapie.at\/index.php?rest_route=\/wp\/v2\/pages"}],"about":[{"href":"https:\/\/www.medizinischearomatherapie.at\/index.php?rest_route=\/wp\/v2\/types\/page"}],"author":[{"embeddable":true,"href":"https:\/\/www.medizinischearomatherapie.at\/index.php?rest_route=\/wp\/v2\/users\/1"}],"replies":[{"embeddable":true,"href":"https:\/\/www.medizinischearomatherapie.at\/index.php?rest_route=%2Fwp%2Fv2%2Fcomments&post=110"}],"version-history":[{"count":32,"href":"https:\/\/www.medizinischearomatherapie.at\/index.php?rest_route=\/wp\/v2\/pages\/110\/revisions"}],"predecessor-version":[{"id":823,"href":"https:\/\/www.medizinischearomatherapie.at\/index.php?rest_route=\/wp\/v2\/pages\/110\/revisions\/823"}],"wp:attachment":[{"href":"https:\/\/www.medizinischearomatherapie.at\/index.php?rest_route=%2Fwp%2Fv2%2Fmedia&parent=110"}],"curies":[{"name":"wp","href":"https:\/\/api.w.org\/{rel}","templated":true}]}}