{"id":106,"date":"2017-09-26T16:06:15","date_gmt":"2017-09-26T14:06:15","guid":{"rendered":"http:\/\/www.medizinischearomatherapie.at\/?page_id=106"},"modified":"2025-12-04T05:03:14","modified_gmt":"2025-12-04T04:03:14","slug":"modul-2-2018","status":"publish","type":"page","link":"https:\/\/www.medizinischearomatherapie.at\/?page_id=106","title":{"rendered":"Modul 2"},"content":{"rendered":"<div id=\"c5059\" class=\"csc-default\">\n<h1 class=\"csc-firstHeader underline\">Modul 2 (17.-18. April 2026)<\/h1>\n<p class=\"bodytext\">(13 Einheiten)<\/p>\n<p class=\"bodytext\">\n<\/div>\n<div id=\"c5058\" class=\"csc-default\">\n<h2>Freitag<\/h2>\n<\/div>\n<div id=\"c5057\" class=\"csc-default\">\n<table class=\"contenttable contenttable-0\">\n<tbody>\n<tr class=\"tr-even tr-0\">\n<td class=\"td-0\">ab 12.30<\/td>\n<td class=\"td-1\">Registrierung<\/td>\n<td class=\"td-last td-2\"><\/td>\n<\/tr>\n<tr class=\"tr-odd tr-1\">\n<td class=\"td-0\">13.00 \u2013 13.15<\/td>\n<td class=\"td-1\">Begr\u00fc\u00dfung<br \/>\n<i><\/i><\/td>\n<td class=\"td-last td-2\"><\/td>\n<\/tr>\n<tr class=\"tr-even tr-2\">\n<td class=\"td-0\">13.15 \u2013 15.30<\/td>\n<td class=\"td-1\">Fette Pflanzen\u00f6le als kongenialer Partner \u00e4therischer \u00d6le und als Grundlage aromatherapeutischer Verschreibungen in der \u00e4rztlichen Praxis<br \/>\n<em>Dr. Barbara Nasel\u00a0 \u00a0 Dr. Gerda Dorfinger<\/em><\/td>\n<td class=\"td-last td-2\">3E<\/td>\n<\/tr>\n<tr class=\"tr-odd tr-3\">\n<td class=\"td-0\">15.30 \u2013 16.00<\/td>\n<td class=\"td-1\"><b>Pause<\/b><\/td>\n<td class=\"td-last td-2\"><\/td>\n<\/tr>\n<tr class=\"tr-even tr-4\">\n<td class=\"td-0\">16.00 \u2013 18.15<\/td>\n<td class=\"td-1\">Destillation mit praktischer Vorf\u00fchrung mit ausgew\u00e4hlten Pflanzensteckbriefen<br \/>\n<em>Georg Effner\u00a0 Dr. Gerda Dorfinger<\/em><\/td>\n<td class=\"td-last td-2\">3E<\/td>\n<\/tr>\n<tr class=\"tr-odd tr-5\">\n<td class=\"td-0\">18.15<\/td>\n<td class=\"td-1\">Verabschiedung \u2013 Ausblick auf Tag 2<\/td>\n<td class=\"td-last td-2\"><\/td>\n<\/tr>\n<\/tbody>\n<\/table>\n<\/div>\n<div id=\"c5056\" class=\"csc-default\">\n<h2>Samstag<\/h2>\n<table class=\"contenttable contenttable-0\">\n<tbody>\n<tr class=\"tr-even tr-0\">\n<td class=\"td-0\">08.30 \u2013 08.45<\/td>\n<td class=\"td-1\">Begr\u00fc\u00dfung<br \/>\n<i><\/i><\/td>\n<td class=\"td-last td-2\"><\/td>\n<\/tr>\n<tr class=\"tr-odd tr-1\">\n<td class=\"td-0\">08.45 \u2013 10.15<\/td>\n<td class=\"td-1\">Wund-Management mit \u00e4therischen \u00d6len, nat\u00fcrlichen Pflanzen\u00f6len und Hydrolaten mit ausgew\u00e4hlten Pflanzensteckbriefen<br \/>\n<em> Hermann Schl\u00f6gl DGKP, Dr. Wolfgang Steflitsch<\/em><\/td>\n<td class=\"td-last td-2\">2E<\/td>\n<\/tr>\n<tr class=\"tr-even tr-2\">\n<td class=\"td-0\">10.15 \u2013 10.45<\/td>\n<td class=\"td-1\"><b>Pause<\/b><\/td>\n<td class=\"td-last td-2\"><\/td>\n<\/tr>\n<tr class=\"tr-odd tr-3\">\n<td class=\"td-0\">10.45 \u2013 12.15<\/td>\n<td class=\"td-1\">Wund-Management mit \u00e4therischen \u00d6len, nat\u00fcrlichen Pflanzen\u00f6len und Hydrolaten mit ausgew\u00e4hlten Pflanzensteckbriefen<br \/>\n<em> Hermann Schl\u00f6gl DGKP, Dr. Wolfgang Steflitsch<\/em><\/td>\n<td class=\"td-last td-2\">2E<\/td>\n<\/tr>\n<tr class=\"tr-even tr-4\">\n<td class=\"td-0\">12.15 \u2013 13.30<\/td>\n<td class=\"td-1\"><b>Mittagspause<\/b><\/td>\n<td class=\"td-last td-2\"><\/td>\n<\/tr>\n<tr class=\"tr-odd tr-5\">\n<td class=\"td-0\">13.30 \u2013 15.00<\/td>\n<td class=\"td-1\">Wund-Management mit \u00e4therischen \u00d6len, nat\u00fcrlichen Pflanzen\u00f6len und Hydrolaten mit ausgew\u00e4hlten Pflanzensteckbriefen<br \/>\n<em> Hermann Schl\u00f6gl DGKP, Dr. Wolfgang Steflitsch<\/em><\/td>\n<td class=\"td-last td-2\">3E<\/td>\n<\/tr>\n<tr class=\"tr-even tr-6\">\n<td class=\"td-0\">15.05 \u2013 15:50<\/td>\n<td class=\"td-1\">Vorstellung und Besprechung ausgew\u00e4hlter B\u00fccher<em>Dr. Wolfgang Steflitsch<\/em>Verabschiedung &#8211; Ende der Veranstaltung<\/td>\n<td class=\"td-last td-2\"><\/td>\n<\/tr>\n<tr class=\"tr-odd tr-last\">\n<td class=\"td-0\"><\/td>\n<td class=\"td-1\"><sup>Programm\u00e4nderungen vorbehalten<\/sup><\/td>\n<td class=\"td-last td-2\"><\/td>\n<\/tr>\n<\/tbody>\n<\/table>\n<div id=\"c5057\" class=\"csc-default\"><\/div>\n<div id=\"c5056\" class=\"csc-default\"><\/div>\n<\/div>\n<div id=\"c5055\" class=\"csc-default\"><\/div>\n","protected":false},"excerpt":{"rendered":"<p>Modul 2 (17.-18. April 2026) (13 Einheiten) Freitag ab 12.30 Registrierung 13.00 \u2013 13.15 Begr\u00fc\u00dfung 13.15 \u2013 15.30 Fette Pflanzen\u00f6le als kongenialer Partner \u00e4therischer \u00d6le und als Grundlage aromatherapeutischer Verschreibungen in der \u00e4rztlichen Praxis Dr. Barbara Nasel\u00a0 \u00a0 Dr. Gerda Dorfinger 3E 15.30 \u2013 16.00 Pause 16.00 \u2013 18.15 Destillation mit praktischer Vorf\u00fchrung mit ausgew\u00e4hlten [&hellip;]<\/p>\n","protected":false},"author":1,"featured_media":0,"parent":0,"menu_order":0,"comment_status":"closed","ping_status":"closed","template":"","meta":{"footnotes":""},"yoast_head":"<!-- This site is optimized with the Yoast SEO plugin v24.5 - https:\/\/yoast.com\/wordpress\/plugins\/seo\/ -->\n<title>Modul 2 - Medizinische Aromatherapie<\/title>\n<meta name=\"robots\" content=\"index, follow, max-snippet:-1, max-image-preview:large, max-video-preview:-1\" \/>\n<link rel=\"canonical\" href=\"https:\/\/www.medizinischearomatherapie.at\/?page_id=106\" \/>\n<meta property=\"og:locale\" content=\"de_DE\" \/>\n<meta property=\"og:type\" content=\"article\" \/>\n<meta property=\"og:title\" content=\"Modul 2 - Medizinische Aromatherapie\" \/>\n<meta property=\"og:description\" content=\"Modul 2 (17.-18. April 2026) (13 Einheiten) Freitag ab 12.30 Registrierung 13.00 \u2013 13.15 Begr\u00fc\u00dfung 13.15 \u2013 15.30 Fette Pflanzen\u00f6le als kongenialer Partner \u00e4therischer \u00d6le und als Grundlage aromatherapeutischer Verschreibungen in der \u00e4rztlichen Praxis Dr. Barbara Nasel\u00a0 \u00a0 Dr. Gerda Dorfinger 3E 15.30 \u2013 16.00 Pause 16.00 \u2013 18.15 Destillation mit praktischer Vorf\u00fchrung mit ausgew\u00e4hlten [&hellip;]\" \/>\n<meta property=\"og:url\" content=\"https:\/\/www.medizinischearomatherapie.at\/?page_id=106\" \/>\n<meta property=\"og:site_name\" content=\"Medizinische Aromatherapie\" \/>\n<meta property=\"article:modified_time\" content=\"2025-12-04T04:03:14+00:00\" \/>\n<meta name=\"twitter:card\" content=\"summary_large_image\" \/>\n<meta name=\"twitter:label1\" content=\"Gesch\u00e4tzte Lesezeit\" \/>\n\t<meta name=\"twitter:data1\" content=\"1\u00a0Minute\" \/>\n<script type=\"application\/ld+json\" class=\"yoast-schema-graph\">{\"@context\":\"https:\/\/schema.org\",\"@graph\":[{\"@type\":\"WebPage\",\"@id\":\"https:\/\/www.medizinischearomatherapie.at\/?page_id=106\",\"url\":\"https:\/\/www.medizinischearomatherapie.at\/?page_id=106\",\"name\":\"Modul 2 - Medizinische Aromatherapie\",\"isPartOf\":{\"@id\":\"https:\/\/www.medizinischearomatherapie.at\/#website\"},\"datePublished\":\"2017-09-26T14:06:15+00:00\",\"dateModified\":\"2025-12-04T04:03:14+00:00\",\"breadcrumb\":{\"@id\":\"https:\/\/www.medizinischearomatherapie.at\/?page_id=106#breadcrumb\"},\"inLanguage\":\"de\",\"potentialAction\":[{\"@type\":\"ReadAction\",\"target\":[\"https:\/\/www.medizinischearomatherapie.at\/?page_id=106\"]}]},{\"@type\":\"BreadcrumbList\",\"@id\":\"https:\/\/www.medizinischearomatherapie.at\/?page_id=106#breadcrumb\",\"itemListElement\":[{\"@type\":\"ListItem\",\"position\":1,\"name\":\"Startseite\",\"item\":\"https:\/\/www.medizinischearomatherapie.at\/\"},{\"@type\":\"ListItem\",\"position\":2,\"name\":\"Modul 2\"}]},{\"@type\":\"WebSite\",\"@id\":\"https:\/\/www.medizinischearomatherapie.at\/#website\",\"url\":\"https:\/\/www.medizinischearomatherapie.at\/\",\"name\":\"Medizinische Aromatherapie\",\"description\":\"\",\"publisher\":{\"@id\":\"https:\/\/www.medizinischearomatherapie.at\/#organization\"},\"potentialAction\":[{\"@type\":\"SearchAction\",\"target\":{\"@type\":\"EntryPoint\",\"urlTemplate\":\"https:\/\/www.medizinischearomatherapie.at\/?s={search_term_string}\"},\"query-input\":{\"@type\":\"PropertyValueSpecification\",\"valueRequired\":true,\"valueName\":\"search_term_string\"}}],\"inLanguage\":\"de\"},{\"@type\":\"Organization\",\"@id\":\"https:\/\/www.medizinischearomatherapie.at\/#organization\",\"name\":\"Medizinische Aromatherapie\",\"url\":\"https:\/\/www.medizinischearomatherapie.at\/\",\"logo\":{\"@type\":\"ImageObject\",\"inLanguage\":\"de\",\"@id\":\"https:\/\/www.medizinischearomatherapie.at\/#\/schema\/logo\/image\/\",\"url\":\"https:\/\/www.medizinischearomatherapie.at\/wp-content\/uploads\/2018\/01\/cropped-Logo3.jpg\",\"contentUrl\":\"https:\/\/www.medizinischearomatherapie.at\/wp-content\/uploads\/2018\/01\/cropped-Logo3.jpg\",\"width\":1111,\"height\":551,\"caption\":\"Medizinische Aromatherapie\"},\"image\":{\"@id\":\"https:\/\/www.medizinischearomatherapie.at\/#\/schema\/logo\/image\/\"}}]}<\/script>\n<!-- \/ Yoast SEO plugin. -->","yoast_head_json":{"title":"Modul 2 - Medizinische Aromatherapie","robots":{"index":"index","follow":"follow","max-snippet":"max-snippet:-1","max-image-preview":"max-image-preview:large","max-video-preview":"max-video-preview:-1"},"canonical":"https:\/\/www.medizinischearomatherapie.at\/?page_id=106","og_locale":"de_DE","og_type":"article","og_title":"Modul 2 - Medizinische Aromatherapie","og_description":"Modul 2 (17.-18. April 2026) (13 Einheiten) Freitag ab 12.30 Registrierung 13.00 \u2013 13.15 Begr\u00fc\u00dfung 13.15 \u2013 15.30 Fette Pflanzen\u00f6le als kongenialer Partner \u00e4therischer \u00d6le und als Grundlage aromatherapeutischer Verschreibungen in der \u00e4rztlichen Praxis Dr. Barbara Nasel\u00a0 \u00a0 Dr. Gerda Dorfinger 3E 15.30 \u2013 16.00 Pause 16.00 \u2013 18.15 Destillation mit praktischer Vorf\u00fchrung mit ausgew\u00e4hlten [&hellip;]","og_url":"https:\/\/www.medizinischearomatherapie.at\/?page_id=106","og_site_name":"Medizinische Aromatherapie","article_modified_time":"2025-12-04T04:03:14+00:00","twitter_card":"summary_large_image","twitter_misc":{"Gesch\u00e4tzte Lesezeit":"1\u00a0Minute"},"schema":{"@context":"https:\/\/schema.org","@graph":[{"@type":"WebPage","@id":"https:\/\/www.medizinischearomatherapie.at\/?page_id=106","url":"https:\/\/www.medizinischearomatherapie.at\/?page_id=106","name":"Modul 2 - Medizinische Aromatherapie","isPartOf":{"@id":"https:\/\/www.medizinischearomatherapie.at\/#website"},"datePublished":"2017-09-26T14:06:15+00:00","dateModified":"2025-12-04T04:03:14+00:00","breadcrumb":{"@id":"https:\/\/www.medizinischearomatherapie.at\/?page_id=106#breadcrumb"},"inLanguage":"de","potentialAction":[{"@type":"ReadAction","target":["https:\/\/www.medizinischearomatherapie.at\/?page_id=106"]}]},{"@type":"BreadcrumbList","@id":"https:\/\/www.medizinischearomatherapie.at\/?page_id=106#breadcrumb","itemListElement":[{"@type":"ListItem","position":1,"name":"Startseite","item":"https:\/\/www.medizinischearomatherapie.at\/"},{"@type":"ListItem","position":2,"name":"Modul 2"}]},{"@type":"WebSite","@id":"https:\/\/www.medizinischearomatherapie.at\/#website","url":"https:\/\/www.medizinischearomatherapie.at\/","name":"Medizinische Aromatherapie","description":"","publisher":{"@id":"https:\/\/www.medizinischearomatherapie.at\/#organization"},"potentialAction":[{"@type":"SearchAction","target":{"@type":"EntryPoint","urlTemplate":"https:\/\/www.medizinischearomatherapie.at\/?s={search_term_string}"},"query-input":{"@type":"PropertyValueSpecification","valueRequired":true,"valueName":"search_term_string"}}],"inLanguage":"de"},{"@type":"Organization","@id":"https:\/\/www.medizinischearomatherapie.at\/#organization","name":"Medizinische Aromatherapie","url":"https:\/\/www.medizinischearomatherapie.at\/","logo":{"@type":"ImageObject","inLanguage":"de","@id":"https:\/\/www.medizinischearomatherapie.at\/#\/schema\/logo\/image\/","url":"https:\/\/www.medizinischearomatherapie.at\/wp-content\/uploads\/2018\/01\/cropped-Logo3.jpg","contentUrl":"https:\/\/www.medizinischearomatherapie.at\/wp-content\/uploads\/2018\/01\/cropped-Logo3.jpg","width":1111,"height":551,"caption":"Medizinische Aromatherapie"},"image":{"@id":"https:\/\/www.medizinischearomatherapie.at\/#\/schema\/logo\/image\/"}}]}},"_links":{"self":[{"href":"https:\/\/www.medizinischearomatherapie.at\/index.php?rest_route=\/wp\/v2\/pages\/106"}],"collection":[{"href":"https:\/\/www.medizinischearomatherapie.at\/index.php?rest_route=\/wp\/v2\/pages"}],"about":[{"href":"https:\/\/www.medizinischearomatherapie.at\/index.php?rest_route=\/wp\/v2\/types\/page"}],"author":[{"embeddable":true,"href":"https:\/\/www.medizinischearomatherapie.at\/index.php?rest_route=\/wp\/v2\/users\/1"}],"replies":[{"embeddable":true,"href":"https:\/\/www.medizinischearomatherapie.at\/index.php?rest_route=%2Fwp%2Fv2%2Fcomments&post=106"}],"version-history":[{"count":17,"href":"https:\/\/www.medizinischearomatherapie.at\/index.php?rest_route=\/wp\/v2\/pages\/106\/revisions"}],"predecessor-version":[{"id":822,"href":"https:\/\/www.medizinischearomatherapie.at\/index.php?rest_route=\/wp\/v2\/pages\/106\/revisions\/822"}],"wp:attachment":[{"href":"https:\/\/www.medizinischearomatherapie.at\/index.php?rest_route=%2Fwp%2Fv2%2Fmedia&parent=106"}],"curies":[{"name":"wp","href":"https:\/\/api.w.org\/{rel}","templated":true}]}}